{"id":3344,"date":"2024-12-03T10:17:08","date_gmt":"2024-12-03T09:17:08","guid":{"rendered":"https:\/\/www.residence-universitaire-lanteri.com\/informazioni-legali\/"},"modified":"2024-12-03T11:06:43","modified_gmt":"2024-12-03T10:06:43","slug":"informazioni-legali","status":"publish","type":"page","link":"https:\/\/www.residence-universitaire-lanteri.com\/it\/informazioni-legali\/","title":{"rendered":"Informazioni legali"},"content":{"rendered":"\t\t<div data-elementor-type=\"wp-page\" data-elementor-id=\"3344\" class=\"elementor elementor-3344 elementor-3341\" data-elementor-settings=\"{&quot;ha_cmc_init_switcher&quot;:&quot;no&quot;}\" data-elementor-post-type=\"page\">\n\t\t\t\t<div class=\"elementor-element elementor-element-480c337 e-flex e-con-boxed e-con e-parent\" data-id=\"480c337\" data-element_type=\"container\" data-settings=\"{&quot;background_background&quot;:&quot;classic&quot;,&quot;_ha_eqh_enable&quot;:false}\">\n\t\t\t\t\t<div class=\"e-con-inner\">\n\t\t\t\t<div class=\"elementor-element elementor-element-9dd3a31 elementor-widget elementor-widget-spacer\" data-id=\"9dd3a31\" data-element_type=\"widget\" data-widget_type=\"spacer.default\">\n\t\t\t\t<div class=\"elementor-widget-container\">\n\t\t\t\t\t\t\t<div class=\"elementor-spacer\">\n\t\t\t<div class=\"elementor-spacer-inner\"><\/div>\n\t\t<\/div>\n\t\t\t\t\t\t<\/div>\n\t\t\t\t<\/div>\n\t\t\t\t<div class=\"elementor-element elementor-element-a891d8f elementor-widget-divider--view-line_text elementor-widget-divider--element-align-center elementor-widget elementor-widget-divider\" data-id=\"a891d8f\" data-element_type=\"widget\" data-widget_type=\"divider.default\">\n\t\t\t\t<div class=\"elementor-widget-container\">\n\t\t\t\t\t\t\t<div class=\"elementor-divider\">\n\t\t\t<span class=\"elementor-divider-separator\">\n\t\t\t\t\t\t\t<span class=\"elementor-divider__text elementor-divider__element\">\n\t\t\t\tInformazioni legali\t\t\t\t<\/span>\n\t\t\t\t\t\t<\/span>\n\t\t<\/div>\n\t\t\t\t\t\t<\/div>\n\t\t\t\t<\/div>\n\t\t\t\t<div class=\"elementor-element elementor-element-c20aca9 elementor-widget elementor-widget-spacer\" data-id=\"c20aca9\" data-element_type=\"widget\" data-widget_type=\"spacer.default\">\n\t\t\t\t<div class=\"elementor-widget-container\">\n\t\t\t\t\t\t\t<div class=\"elementor-spacer\">\n\t\t\t<div class=\"elementor-spacer-inner\"><\/div>\n\t\t<\/div>\n\t\t\t\t\t\t<\/div>\n\t\t\t\t<\/div>\n\t\t\t\t\t<\/div>\n\t\t\t\t<\/div>\n\t\t<div class=\"elementor-element elementor-element-ebbdce3 e-flex e-con-boxed e-con e-parent\" data-id=\"ebbdce3\" data-element_type=\"container\" data-settings=\"{&quot;_ha_eqh_enable&quot;:false}\">\n\t\t\t\t\t<div class=\"e-con-inner\">\n\t\t<div class=\"elementor-element elementor-element-6df0f4c e-con-full e-flex e-con e-child\" data-id=\"6df0f4c\" data-element_type=\"container\" data-settings=\"{&quot;_ha_eqh_enable&quot;:false}\">\n\t\t<div class=\"elementor-element elementor-element-5d6e83b e-con-full e-flex e-con e-child\" data-id=\"5d6e83b\" data-element_type=\"container\" data-settings=\"{&quot;_ha_eqh_enable&quot;:false}\">\n\t\t\t\t<div class=\"elementor-element elementor-element-2e6eac3 elementor-widget elementor-widget-heading\" data-id=\"2e6eac3\" data-element_type=\"widget\" data-widget_type=\"heading.default\">\n\t\t\t\t<div class=\"elementor-widget-container\">\n\t\t\t\t\t<h2 class=\"elementor-heading-title elementor-size-default\">NOME DELL'AZIENDA<\/h2>\t\t\t\t<\/div>\n\t\t\t\t<\/div>\n\t\t\t\t<div class=\"elementor-element elementor-element-05a87ae elementor-widget elementor-widget-text-editor\" data-id=\"05a87ae\" data-element_type=\"widget\" data-widget_type=\"text-editor.default\">\n\t\t\t\t<div class=\"elementor-widget-container\">\n\t\t\t\t\t\t\t\t\t<p>R\u00e9sidence Universitaire Lanteri SIRET 389 446 326 00010<\/p>\n\t\t\t\t\t\t\t\t<\/div>\n\t\t\t\t<\/div>\n\t\t\t\t<div class=\"elementor-element elementor-element-2e162cf elementor-widget elementor-widget-heading\" data-id=\"2e162cf\" data-element_type=\"widget\" data-widget_type=\"heading.default\">\n\t\t\t\t<div class=\"elementor-widget-container\">\n\t\t\t\t\t<h2 class=\"elementor-heading-title elementor-size-default\">Sede legale:<\/h2>\t\t\t\t<\/div>\n\t\t\t\t<\/div>\n\t\t\t\t<div class=\"elementor-element elementor-element-7e31450 elementor-widget elementor-widget-text-editor\" data-id=\"7e31450\" data-element_type=\"widget\" data-widget_type=\"text-editor.default\">\n\t\t\t\t<div class=\"elementor-widget-container\">\n\t\t\t\t\t\t\t\t\t<p>R\u00e9sidence Universitaire Lant\u00e9ri Chapelle Sainte Rita 7 rue Gentil-Bernard 92260 FONTENAY-AUX-ROSES<\/p>\n\t\t\t\t\t\t\t\t<\/div>\n\t\t\t\t<\/div>\n\t\t\t\t<div class=\"elementor-element elementor-element-a54b1a3 elementor-widget elementor-widget-heading\" data-id=\"a54b1a3\" data-element_type=\"widget\" data-widget_type=\"heading.default\">\n\t\t\t\t<div class=\"elementor-widget-container\">\n\t\t\t\t\t<h2 class=\"elementor-heading-title elementor-size-default\">Gestione delle pubblicazioni:<\/h2>\t\t\t\t<\/div>\n\t\t\t\t<\/div>\n\t\t\t\t<div class=\"elementor-element elementor-element-a8d0c90 elementor-widget elementor-widget-text-editor\" data-id=\"a8d0c90\" data-element_type=\"widget\" data-widget_type=\"text-editor.default\">\n\t\t\t\t<div class=\"elementor-widget-container\">\n\t\t\t\t\t\t\t\t\t<p>Oblati della Vergine Maria  [O .M.V.]<\/p>\n\t\t\t\t\t\t\t\t<\/div>\n\t\t\t\t<\/div>\n\t\t\t\t<div class=\"elementor-element elementor-element-262546c elementor-widget elementor-widget-heading\" data-id=\"262546c\" data-element_type=\"widget\" data-widget_type=\"heading.default\">\n\t\t\t\t<div class=\"elementor-widget-container\">\n\t\t\t\t\t<h2 class=\"elementor-heading-title elementor-size-default\">Sei collegato al sito web di RUL<\/h2>\t\t\t\t<\/div>\n\t\t\t\t<\/div>\n\t\t\t\t<div class=\"elementor-element elementor-element-bf89d5e elementor-widget elementor-widget-text-editor\" data-id=\"bf89d5e\" data-element_type=\"widget\" data-widget_type=\"text-editor.default\">\n\t\t\t\t<div class=\"elementor-widget-container\">\n\t\t\t\t\t\t\t\t\tL&#8217;editore si impegna a rispettare tutte le leggi relative alla creazione e al funzionamento di un sito Internet. Ricordiamo che la segretezza della corrispondenza non \u00e8 garantita su Internet e che \u00e8 responsabilit\u00e0 di ogni utente di Internet prendere tutte le misure appropriate per proteggere i propri dati e\/o software dalla contaminazione di eventuali virus che circolano su Internet. \t\t\t\t\t\t\t\t<\/div>\n\t\t\t\t<\/div>\n\t\t\t\t<\/div>\n\t\t<div class=\"elementor-element elementor-element-23bcb90 e-con-full e-flex e-con e-child\" data-id=\"23bcb90\" data-element_type=\"container\" data-settings=\"{&quot;_ha_eqh_enable&quot;:false}\">\n\t\t\t\t<div class=\"elementor-element elementor-element-55758d2 elementor-widget elementor-widget-heading\" data-id=\"55758d2\" data-element_type=\"widget\" data-widget_type=\"heading.default\">\n\t\t\t\t<div class=\"elementor-widget-container\">\n\t\t\t\t\t<h2 class=\"elementor-heading-title elementor-size-default\">DATI PERSONALI<\/h2>\t\t\t\t<\/div>\n\t\t\t\t<\/div>\n\t\t\t\t<div class=\"elementor-element elementor-element-46e6e9a elementor-widget elementor-widget-text-editor\" data-id=\"46e6e9a\" data-element_type=\"widget\" data-widget_type=\"text-editor.default\">\n\t\t\t\t<div class=\"elementor-widget-container\">\n\t\t\t\t\t\t\t\t\t<p>RUL si impegna a prendere tutte le precauzioni necessarie per proteggere i dati personali trattati dai suoi servizi, e in particolare per evitare che vengano distorti, danneggiati o comunicati a terzi non autorizzati.<\/p>\n<p>L&#8217;utente ha inoltre il diritto di accedere, modificare, rettificare e cancellare i dati raccolti su questo sito, in conformit\u00e0 con le disposizioni della legge francese sulla protezione dei dati personali n. 78-17 del 6 gennaio 1978.<\/p>\n\t\t\t\t\t\t\t\t<\/div>\n\t\t\t\t<\/div>\n\t\t\t\t<div class=\"elementor-element elementor-element-a85f597 elementor-widget elementor-widget-heading\" data-id=\"a85f597\" data-element_type=\"widget\" data-widget_type=\"heading.default\">\n\t\t\t\t<div class=\"elementor-widget-container\">\n\t\t\t\t\t<h2 class=\"elementor-heading-title elementor-size-default\">Per esercitare questo diritto, invia la tua richiesta per posta al seguente indirizzo:  <\/h2>\t\t\t\t<\/div>\n\t\t\t\t<\/div>\n\t\t\t\t<div class=\"elementor-element elementor-element-798fb32 elementor-widget elementor-widget-text-editor\" data-id=\"798fb32\" data-element_type=\"widget\" data-widget_type=\"text-editor.default\">\n\t\t\t\t<div class=\"elementor-widget-container\">\n\t\t\t\t\t\t\t\t\t<p>R\u00e9sidence Universitaire Lant\u00e9ri \/ Chapelle Sainte Rita 7 rue Gentil-Bernard 92260 FONTENAY-AUX-ROSES<\/p>\n\t\t\t\t\t\t\t\t<\/div>\n\t\t\t\t<\/div>\n\t\t\t\t<\/div>\n\t\t\t\t<\/div>\n\t\t\t\t\t<\/div>\n\t\t\t\t<\/div>\n\t\t<div class=\"elementor-element elementor-element-dbccc86 e-flex e-con-boxed e-con e-parent\" data-id=\"dbccc86\" data-element_type=\"container\" data-settings=\"{&quot;_ha_eqh_enable&quot;:false}\">\n\t\t\t\t\t<div class=\"e-con-inner\">\n\t\t<div class=\"elementor-element elementor-element-01f43f5 e-con-full e-flex e-con e-child\" data-id=\"01f43f5\" data-element_type=\"container\" data-settings=\"{&quot;_ha_eqh_enable&quot;:false}\">\n\t\t<div class=\"elementor-element elementor-element-c4bcac3 e-con-full e-flex e-con e-child\" data-id=\"c4bcac3\" data-element_type=\"container\" data-settings=\"{&quot;_ha_eqh_enable&quot;:false}\">\n\t\t\t\t<div class=\"elementor-element elementor-element-8e3b0c4 elementor-widget elementor-widget-heading\" data-id=\"8e3b0c4\" data-element_type=\"widget\" data-widget_type=\"heading.default\">\n\t\t\t\t<div class=\"elementor-widget-container\">\n\t\t\t\t\t<h2 class=\"elementor-heading-title elementor-size-default\">COLLEGAMENTI IPERTESTUALI<\/h2>\t\t\t\t<\/div>\n\t\t\t\t<\/div>\n\t\t\t\t<div class=\"elementor-element elementor-element-70d50c6 elementor-widget elementor-widget-text-editor\" data-id=\"70d50c6\" data-element_type=\"widget\" data-widget_type=\"text-editor.default\">\n\t\t\t\t<div class=\"elementor-widget-container\">\n\t\t\t\t\t\t\t\t\t<p>I collegamenti ipertestuali stabiliti in direzione di altri siti dal momento che questo sito non conosce, in nessun caso, la responsabilit\u00e0 della RUL. La creazione di collegamenti ipertestuali al sito &#8220;residence-universitaire-lanteri.com&#8221; \u00e8 soggetta al previo consenso del responsabile della pubblicazione del sito. <\/p>\n\t\t\t\t\t\t\t\t<\/div>\n\t\t\t\t<\/div>\n\t\t\t\t<\/div>\n\t\t<div class=\"elementor-element elementor-element-e381fcc e-con-full e-flex e-con e-child\" data-id=\"e381fcc\" data-element_type=\"container\" data-settings=\"{&quot;_ha_eqh_enable&quot;:false}\">\n\t\t\t\t<div class=\"elementor-element elementor-element-2fee416 elementor-widget elementor-widget-heading\" data-id=\"2fee416\" data-element_type=\"widget\" data-widget_type=\"heading.default\">\n\t\t\t\t<div class=\"elementor-widget-container\">\n\t\t\t\t\t<h2 class=\"elementor-heading-title elementor-size-default\">DIRITTI DI PROPRIET\u00c0 INTELLETTUALE<\/h2>\t\t\t\t<\/div>\n\t\t\t\t<\/div>\n\t\t\t\t<div class=\"elementor-element elementor-element-27807ce elementor-widget elementor-widget-text-editor\" data-id=\"27807ce\" data-element_type=\"widget\" data-widget_type=\"text-editor.default\">\n\t\t\t\t<div class=\"elementor-widget-container\">\n\t\t\t\t\t\t\t\t\t<p>Il presente sito web costituisce un&#8217;opera protetta in Francia dal Codice della Propriet\u00e0 Intellettuale e all&#8217;estero dalle convenzioni internazionali in vigore sul diritto d&#8217;autore. La riproduzione o la rappresentazione per uso non personale, in tutto o in parte, delle pagine, dei dati e di qualsiasi altro elemento costitutivo del sito, con qualsiasi procedimento o mezzo, \u00e8 vietata e costituisce una violazione senza l&#8217;autorizzazione dell&#8217;editore. La violazione di uno dei diritti d&#8217;autore dell&#8217;opera costituisce un reato di contraffazione punibile, ai sensi dell&#8217;articolo L.335-2 del Codice della Propriet\u00e0 Intellettuale, con 2 anni di reclusione e una multa di 150.000 euro.  <\/p>\n\t\t\t\t\t\t\t\t<\/div>\n\t\t\t\t<\/div>\n\t\t\t\t<\/div>\n\t\t\t\t<\/div>\n\t\t\t\t\t<\/div>\n\t\t\t\t<\/div>\n\t\t<div class=\"elementor-element elementor-element-c290ef7 e-flex e-con-boxed e-con e-parent\" data-id=\"c290ef7\" data-element_type=\"container\" data-settings=\"{&quot;_ha_eqh_enable&quot;:false}\">\n\t\t\t\t\t<div class=\"e-con-inner\">\n\t\t<div class=\"elementor-element elementor-element-882e227 e-con-full e-flex e-con e-child\" data-id=\"882e227\" data-element_type=\"container\" data-settings=\"{&quot;_ha_eqh_enable&quot;:false}\">\n\t\t<div class=\"elementor-element elementor-element-7100467 e-con-full e-flex e-con e-child\" data-id=\"7100467\" data-element_type=\"container\" data-settings=\"{&quot;_ha_eqh_enable&quot;:false}\">\n\t\t\t\t<div class=\"elementor-element elementor-element-95e232d elementor-widget elementor-widget-heading\" data-id=\"95e232d\" data-element_type=\"widget\" data-widget_type=\"heading.default\">\n\t\t\t\t<div class=\"elementor-widget-container\">\n\t\t\t\t\t<h2 class=\"elementor-heading-title elementor-size-default\">INFORMAZIONI TECNICHE<\/h2>\t\t\t\t<\/div>\n\t\t\t\t<\/div>\n\t\t\t\t<div class=\"elementor-element elementor-element-3870532 elementor-widget elementor-widget-heading\" data-id=\"3870532\" data-element_type=\"widget\" data-widget_type=\"heading.default\">\n\t\t\t\t<div class=\"elementor-widget-container\">\n\t\t\t\t\t<h2 class=\"elementor-heading-title elementor-size-default\">PROGETTAZIONE WEB<\/h2>\t\t\t\t<\/div>\n\t\t\t\t<\/div>\n\t\t\t\t<div class=\"elementor-element elementor-element-cdf7fa5 elementor-widget elementor-widget-text-editor\" data-id=\"cdf7fa5\" data-element_type=\"widget\" data-widget_type=\"text-editor.default\">\n\t\t\t\t<div class=\"elementor-widget-container\">\n\t\t\t\t\t\t\t\t\t<p>Residenza universitaria Lanteri<\/p>\n\t\t\t\t\t\t\t\t<\/div>\n\t\t\t\t<\/div>\n\t\t\t\t<div class=\"elementor-element elementor-element-d0740cd elementor-widget elementor-widget-heading\" data-id=\"d0740cd\" data-element_type=\"widget\" data-widget_type=\"heading.default\">\n\t\t\t\t<div class=\"elementor-widget-container\">\n\t\t\t\t\t<h2 class=\"elementor-heading-title elementor-size-default\">WEB Master  <\/h2>\t\t\t\t<\/div>\n\t\t\t\t<\/div>\n\t\t\t\t<div class=\"elementor-element elementor-element-71a6312 elementor-widget elementor-widget-text-editor\" data-id=\"71a6312\" data-element_type=\"widget\" data-widget_type=\"text-editor.default\">\n\t\t\t\t<div class=\"elementor-widget-container\">\n\t\t\t\t\t\t\t\t\t<br> Fran\u00e7ois<strong> LAPOINTE <\/strong>e Vicente <strong>PLANELLES HERRERO<\/strong> 7 rue Gentil-Bernard 92260 FONTENAY-AUX-ROSES<br>\n <br>\t\t\t\t\t\t\t\t<\/div>\n\t\t\t\t<\/div>\n\t\t\t\t<div class=\"elementor-element elementor-element-74bf8b5 elementor-widget elementor-widget-heading\" data-id=\"74bf8b5\" data-element_type=\"widget\" data-widget_type=\"heading.default\">\n\t\t\t\t<div class=\"elementor-widget-container\">\n\t\t\t\t\t<h2 class=\"elementor-heading-title elementor-size-default\">Hosting WEB<\/h2>\t\t\t\t<\/div>\n\t\t\t\t<\/div>\n\t\t\t\t<div class=\"elementor-element elementor-element-1497850 elementor-widget elementor-widget-text-editor\" data-id=\"1497850\" data-element_type=\"widget\" data-widget_type=\"text-editor.default\">\n\t\t\t\t<div class=\"elementor-widget-container\">\n\t\t\t\t\t\t\t\t\t<p><strong>GANDI SAS<\/strong><\/p>\n<p>Sede legale: 63-65 boulevard Massena, Parigi (75013) FRANCIA,  <\/p>\n<p>Azienda francese creata nel 1999 con hosting cloud del nostro sito a Parigi.<\/p>\n\t\t\t\t\t\t\t\t<\/div>\n\t\t\t\t<\/div>\n\t\t\t\t<\/div>\n\t\t\t\t<\/div>\n\t\t\t\t\t<\/div>\n\t\t\t\t<\/div>\n\t\t\t\t<\/div>\n\t\t","protected":false},"excerpt":{"rendered":"<p>Informazioni legali NOME DELL&#8217;AZIENDA R\u00e9sidence Universitaire Lanteri SIRET 389 446 326 00010 Sede legale: R\u00e9sidence Universitaire Lant\u00e9ri Chapelle Sainte Rita 7 rue Gentil-Bernard 92260 FONTENAY-AUX-ROSES Gestione delle pubblicazioni: Oblati della Vergine Maria [O .M.V.] Sei collegato al sito web di RUL L&#8217;editore si impegna a rispettare tutte le leggi relative alla creazione e al funzionamento [&hellip;]<\/p>\n","protected":false},"author":1,"featured_media":0,"parent":0,"menu_order":0,"comment_status":"closed","ping_status":"closed","template":"elementor_header_footer","meta":{"footnotes":""},"class_list":["post-3344","page","type-page","status-publish","hentry"],"_links":{"self":[{"href":"https:\/\/www.residence-universitaire-lanteri.com\/it\/wp-json\/wp\/v2\/pages\/3344","targetHints":{"allow":["GET"]}}],"collection":[{"href":"https:\/\/www.residence-universitaire-lanteri.com\/it\/wp-json\/wp\/v2\/pages"}],"about":[{"href":"https:\/\/www.residence-universitaire-lanteri.com\/it\/wp-json\/wp\/v2\/types\/page"}],"author":[{"embeddable":true,"href":"https:\/\/www.residence-universitaire-lanteri.com\/it\/wp-json\/wp\/v2\/users\/1"}],"replies":[{"embeddable":true,"href":"https:\/\/www.residence-universitaire-lanteri.com\/it\/wp-json\/wp\/v2\/comments?post=3344"}],"version-history":[{"count":3,"href":"https:\/\/www.residence-universitaire-lanteri.com\/it\/wp-json\/wp\/v2\/pages\/3344\/revisions"}],"predecessor-version":[{"id":3374,"href":"https:\/\/www.residence-universitaire-lanteri.com\/it\/wp-json\/wp\/v2\/pages\/3344\/revisions\/3374"}],"wp:attachment":[{"href":"https:\/\/www.residence-universitaire-lanteri.com\/it\/wp-json\/wp\/v2\/media?parent=3344"}],"curies":[{"name":"wp","href":"https:\/\/api.w.org\/{rel}","templated":true}]}}