{"id":2967,"date":"2024-07-31T16:39:45","date_gmt":"2024-07-31T14:39:45","guid":{"rendered":"https:\/\/www.residence-universitaire-lanteri.com\/testimonianze\/"},"modified":"2024-11-28T15:33:00","modified_gmt":"2024-11-28T14:33:00","slug":"testimonianze","status":"publish","type":"page","link":"https:\/\/www.residence-universitaire-lanteri.com\/it\/testimonianze\/","title":{"rendered":"Testimonianze"},"content":{"rendered":"\t\t<div data-elementor-type=\"wp-page\" data-elementor-id=\"2967\" class=\"elementor elementor-2967 elementor-1299\" data-elementor-settings=\"{&quot;ha_cmc_init_switcher&quot;:&quot;no&quot;}\" data-elementor-post-type=\"page\">\n\t\t\t\t<div class=\"elementor-element elementor-element-8a2251c e-flex e-con-boxed e-con e-parent\" data-id=\"8a2251c\" data-element_type=\"container\" data-settings=\"{&quot;background_background&quot;:&quot;classic&quot;,&quot;_ha_eqh_enable&quot;:false}\">\n\t\t\t\t\t<div class=\"e-con-inner\">\n\t\t\t\t<div class=\"elementor-element elementor-element-a63532b elementor-widget elementor-widget-spacer\" data-id=\"a63532b\" data-element_type=\"widget\" data-widget_type=\"spacer.default\">\n\t\t\t\t<div class=\"elementor-widget-container\">\n\t\t\t\t\t\t\t<div class=\"elementor-spacer\">\n\t\t\t<div class=\"elementor-spacer-inner\"><\/div>\n\t\t<\/div>\n\t\t\t\t\t\t<\/div>\n\t\t\t\t<\/div>\n\t\t\t\t<div class=\"elementor-element elementor-element-a672b71 elementor-widget-divider--view-line_text elementor-widget-divider--element-align-center elementor-widget elementor-widget-divider\" data-id=\"a672b71\" data-element_type=\"widget\" data-widget_type=\"divider.default\">\n\t\t\t\t<div class=\"elementor-widget-container\">\n\t\t\t\t\t\t\t<div class=\"elementor-divider\">\n\t\t\t<span class=\"elementor-divider-separator\">\n\t\t\t\t\t\t\t<span class=\"elementor-divider__text elementor-divider__element\">\n\t\t\t\tTestimonianze\t\t\t\t<\/span>\n\t\t\t\t\t\t<\/span>\n\t\t<\/div>\n\t\t\t\t\t\t<\/div>\n\t\t\t\t<\/div>\n\t\t\t\t<div class=\"elementor-element elementor-element-73b46ce elementor-widget elementor-widget-heading\" data-id=\"73b46ce\" data-element_type=\"widget\" data-widget_type=\"heading.default\">\n\t\t\t\t<div class=\"elementor-widget-container\">\n\t\t\t\t\t<h2 class=\"elementor-heading-title elementor-size-default\">La valutazione di alcuni studenti della Residenza Universitaria Lanteri.  <br>  Un luogo veramente internazionale, il R.U.L. apre le sue porte alla diversit\u00e0 e promuove l'integrazione!  <\/h2>\t\t\t\t<\/div>\n\t\t\t\t<\/div>\n\t\t\t\t<div class=\"elementor-element elementor-element-8c9214b elementor-widget elementor-widget-spacer\" data-id=\"8c9214b\" data-element_type=\"widget\" data-widget_type=\"spacer.default\">\n\t\t\t\t<div class=\"elementor-widget-container\">\n\t\t\t\t\t\t\t<div class=\"elementor-spacer\">\n\t\t\t<div class=\"elementor-spacer-inner\"><\/div>\n\t\t<\/div>\n\t\t\t\t\t\t<\/div>\n\t\t\t\t<\/div>\n\t\t\t\t\t<\/div>\n\t\t\t\t<\/div>\n\t\t<div class=\"elementor-element elementor-element-bcb1f1b e-flex e-con-boxed e-con e-parent\" data-id=\"bcb1f1b\" data-element_type=\"container\" data-settings=\"{&quot;_ha_eqh_enable&quot;:false}\">\n\t\t\t\t\t<div class=\"e-con-inner\">\n\t\t\t\t<div class=\"elementor-element elementor-element-197986c elementor-widget elementor-widget-text-editor\" data-id=\"197986c\" data-element_type=\"widget\" data-widget_type=\"text-editor.default\">\n\t\t\t\t<div class=\"elementor-widget-container\">\n\t\t\t\t\t\t\t\t\t<p>Un luogo veramente internazionale, il R.U.L. apre le sue porte alla diversit\u00e0 e promuove l&#8217;integrazione!<\/p>\n\t\t\t\t\t\t\t\t<\/div>\n\t\t\t\t<\/div>\n\t\t\t\t<div class=\"elementor-element elementor-element-fd7df2b elementor-testimonial--skin-bubble elementor-testimonial--layout-image_stacked elementor-testimonial--align-left elementor-pagination-type-bullets elementor-widget elementor-widget-testimonial-carousel\" data-id=\"fd7df2b\" data-element_type=\"widget\" data-settings=\"{&quot;slides_per_view&quot;:&quot;2&quot;,&quot;slides_to_scroll&quot;:&quot;1&quot;,&quot;autoplay_speed&quot;:1500,&quot;space_between&quot;:{&quot;unit&quot;:&quot;px&quot;,&quot;size&quot;:30,&quot;sizes&quot;:[]},&quot;pagination&quot;:&quot;bullets&quot;,&quot;speed&quot;:500,&quot;autoplay&quot;:&quot;yes&quot;,&quot;loop&quot;:&quot;yes&quot;,&quot;pause_on_hover&quot;:&quot;yes&quot;,&quot;pause_on_interaction&quot;:&quot;yes&quot;,&quot;space_between_tablet&quot;:{&quot;unit&quot;:&quot;px&quot;,&quot;size&quot;:10,&quot;sizes&quot;:[]},&quot;space_between_mobile&quot;:{&quot;unit&quot;:&quot;px&quot;,&quot;size&quot;:10,&quot;sizes&quot;:[]}}\" data-widget_type=\"testimonial-carousel.default\">\n\t\t\t\t<div class=\"elementor-widget-container\">\n\t\t\t\t\t\t\t\t\t<div class=\"elementor-swiper\">\n\t\t\t\t\t<div class=\"elementor-main-swiper swiper\" role=\"region\" aria-roledescription=\"carousel\" aria-label=\"Slides\">\n\t\t\t\t<div class=\"swiper-wrapper\">\n\t\t\t\t\t\t\t\t\t\t\t<div class=\"swiper-slide\" role=\"group\" aria-roledescription=\"slide\">\n\t\t\t\t\t\t\t\t\t<div class=\"elementor-testimonial\">\n\t\t\t\t\t\t\t<div class=\"elementor-testimonial__content\">\n\t\t\t\t\t<div class=\"elementor-testimonial__text\">\n\t\t\t\t\t\t<p>Ho scoperto il RUL per caso, quando stavo cercando una residenza universitaria per i miei studi.<br \/>\nCercavo un luogo tranquillo e accogliente per iniziare la mia vita da studente nelle migliori condizioni possibili.<br \/>\nLa RUL soddisfa perfettamente tutte queste qualit\u00e0, ma ne ha molte altre.<br \/>\nOltre agli ovvi aspetti pratici (pulizia settimanale, cucina di qualit\u00e0), si distingue da molte altre residenze per l'atmosfera che si \u00e8 creata.<br \/>\nLa RUL non \u00e8 solo un luogo in cui vivere e in cui ognuno va per la sua strada.<br \/>\nAl contrario, la R\u00e9sidence Universitaire Lanteri \u00e8 una vera e propria comunit\u00e0, un microcosmo sociale dove regna un'atmosfera calda e premurosa.<br \/>\nHo conosciuto persone meravigliose, di ogni estrazione sociale, con le quali ho stretto forti legami di amicizia.<br \/>\nIl direttore, Padre Fran\u00e7ois, e tutto il personale sono estremamente competenti.<br \/>\nTi accoglieranno con un sorriso e saranno disponibili per ogni tua minima esigenza.<br \/>\nLa RUL \u00e8 un passo salutare nel percorso di vita, che sviluppa il senso di responsabilit\u00e0 e l'autonomia personale, mantenendo come imperativo costante il benessere di chi vi abita.         <\/p>\n\t\t\t\t\t<\/div>\n\t\t\t\t\t\t\t\t\t<\/div>\n\t\t\t\t\t\t<div class=\"elementor-testimonial__footer\">\n\t\t\t\t\t\t\t\t\t<div class=\"elementor-testimonial__image\">\n\t\t\t\t\t\t<img decoding=\"async\" src=\"https:\/\/www.residence-universitaire-lanteri.com\/wp-content\/plugins\/elementor\/assets\/images\/placeholder.png\" alt=\"Christopher Q.\">\n\t\t\t\t\t\t\t\t\t\t\t<\/div>\n\t\t\t\t\t\t\t\t<cite class=\"elementor-testimonial__cite\"><span class=\"elementor-testimonial__name\">Christopher Q.<\/span><span class=\"elementor-testimonial__title\">Scuola preparatoria Lakanal a Sceaux<\/span><\/cite>\t\t\t<\/div>\n\t\t<\/div>\n\t\t\t\t\t\t\t\t<\/div>\n\t\t\t\t\t\t\t\t\t\t\t<div class=\"swiper-slide\" role=\"group\" aria-roledescription=\"slide\">\n\t\t\t\t\t\t\t\t\t<div class=\"elementor-testimonial\">\n\t\t\t\t\t\t\t<div class=\"elementor-testimonial__content\">\n\t\t\t\t\t<div class=\"elementor-testimonial__text\">\n\t\t\t\t\t\t<p>L'atmosfera alla RUL \u00e8 davvero meravigliosa.<br \/>\nSi incontrano persone di diverse nazionalit\u00e0 (francesi, spagnoli, catalani, italiani, messicani e molti altri...), ognuna pi\u00f9 interessante dell'altra.<br \/>\nInoltre, c'\u00e8 un grande rispetto reciproco e si creano amicizie che si sviluppano insieme a diverse attivit\u00e0, a seconda di ci\u00f2 che \u00e8 disponibile e di ci\u00f2 che interessa agli altri.<br \/>\nInoltre, abbiamo una sala musica e una palestra, davvero uniche in una struttura a basso costo come la RUL.<br \/>\nIn effetti, non troverai niente di meglio per questo tipo di ambiente collettivo, mentre ognuno ha la possibilit\u00e0 di sperimentare ci\u00f2 che desidera a livello personale.<br \/>\nConsiglio vivamente...     <\/p>\n\t\t\t\t\t<\/div>\n\t\t\t\t\t\t\t\t\t<\/div>\n\t\t\t\t\t\t<div class=\"elementor-testimonial__footer\">\n\t\t\t\t\t\t\t\t\t<div class=\"elementor-testimonial__image\">\n\t\t\t\t\t\t<img decoding=\"async\" src=\"https:\/\/www.residence-universitaire-lanteri.com\/wp-content\/plugins\/elementor\/assets\/images\/placeholder.png\" alt=\"Guillaume M.\">\n\t\t\t\t\t\t\t\t\t\t\t<\/div>\n\t\t\t\t\t\t\t\t<cite class=\"elementor-testimonial__cite\"><span class=\"elementor-testimonial__name\">Guillaume M.<\/span><span class=\"elementor-testimonial__title\">Ingegnere presso l'ECE di Parigi<\/span><\/cite>\t\t\t<\/div>\n\t\t<\/div>\n\t\t\t\t\t\t\t\t<\/div>\n\t\t\t\t\t\t\t\t\t\t\t<div class=\"swiper-slide\" role=\"group\" aria-roledescription=\"slide\">\n\t\t\t\t\t\t\t\t\t<div class=\"elementor-testimonial\">\n\t\t\t\t\t\t\t<div class=\"elementor-testimonial__content\">\n\t\t\t\t\t<div class=\"elementor-testimonial__text\">\n\t\t\t\t\t\t<p>Dopo tre anni di permanenza alla RUL, dal 2008 al 2011, quando studiavo per gli esami di maturit\u00e0 in questa zona.<br \/>\nIl mio giudizio \u00e8 molto positivo.<br \/>\nLe camere sono confortevoli e l'atmosfera \u00e8 molto buona.<br \/>\nC'\u00e8 un servizio di pulizia e un ristorante self-catering di ottima qualit\u00e0, con tanto spazio per studiare, chiacchierare o rilassarsi con il calcio balilla e il ping pong.<br \/>\nHo fatto delle ottime amicizie qui e mi sono trovata molto bene con la direzione, che \u00e8 attenta a garantire che ogni residente rispetti gli altri e dia vita al luogo.<br \/>\nAnche gli aperitivi mensili e i pasti festivi sono dei ricordi molto belli.<br \/>\nNon esitare ad andarci!      <\/p>\n\t\t\t\t\t<\/div>\n\t\t\t\t\t\t\t\t\t<\/div>\n\t\t\t\t\t\t<div class=\"elementor-testimonial__footer\">\n\t\t\t\t\t\t\t\t\t<div class=\"elementor-testimonial__image\">\n\t\t\t\t\t\t<img decoding=\"async\" src=\"https:\/\/www.residence-universitaire-lanteri.com\/wp-content\/plugins\/elementor\/assets\/images\/placeholder.png\" alt=\"Paul-Henri L.\">\n\t\t\t\t\t\t\t\t\t\t\t<\/div>\n\t\t\t\t\t\t\t\t<cite class=\"elementor-testimonial__cite\"><span class=\"elementor-testimonial__name\">Paul-Henri L.<\/span><span class=\"elementor-testimonial__title\">Scuola preparatoria Lakanal a Sceaux<\/span><\/cite>\t\t\t<\/div>\n\t\t<\/div>\n\t\t\t\t\t\t\t\t<\/div>\n\t\t\t\t\t\t\t\t\t\t\t<div class=\"swiper-slide\" role=\"group\" aria-roledescription=\"slide\">\n\t\t\t\t\t\t\t\t\t<div class=\"elementor-testimonial\">\n\t\t\t\t\t\t\t<div class=\"elementor-testimonial__content\">\n\t\t\t\t\t<div class=\"elementor-testimonial__text\">\n\t\t\t\t\t\t<p>La R\u00e9sidence Universitaire Lanteri \u00e8 un luogo molto piacevole dove vivere e godersi la vita studentesca!<br \/>\nVi ho trascorso 4 anni meravigliosi dal 2005 al 2009, circondata da studenti che sono diventati i miei migliori amici.<br \/>\n\u00c8 un luogo ideale per socializzare, sia in un'atmosfera allegra che in una pi\u00f9 studiosa, grazie ai saloni comuni dedicati sia al ripasso che al divertimento.<br \/>\nInfine, la direzione \u00e8 molto disponibile, soprattutto Padre Fran\u00e7ois Lapointe, che \u00e8 sempre pronto ad ascoltarci in caso di problemi, e questo continua ancora oggi!<br \/>\nLo consiglio vivamente!    <\/p>\n\t\t\t\t\t<\/div>\n\t\t\t\t\t\t\t\t\t<\/div>\n\t\t\t\t\t\t<div class=\"elementor-testimonial__footer\">\n\t\t\t\t\t\t\t\t<cite class=\"elementor-testimonial__cite\"><span class=\"elementor-testimonial__name\">William T.<\/span><span class=\"elementor-testimonial__title\">Ingegnere EPF di Sceaux<\/span><\/cite>\t\t\t<\/div>\n\t\t<\/div>\n\t\t\t\t\t\t\t\t<\/div>\n\t\t\t\t\t\t\t\t\t\t\t<div class=\"swiper-slide\" role=\"group\" aria-roledescription=\"slide\">\n\t\t\t\t\t\t\t\t\t<div class=\"elementor-testimonial\">\n\t\t\t\t\t\t\t<div class=\"elementor-testimonial__content\">\n\t\t\t\t\t<div class=\"elementor-testimonial__text\">\n\t\t\t\t\t\t<p>Durante: Posso dire senza ombra di dubbio che questo \u00e8 ci\u00f2 che mi ha permesso di salvare il mio anno, perch\u00e9 non appena sono entrato nel R.U.L. i miei risultati sono migliorati notevolmente.<br \/>\nIn questa residenza ho trovato tutto ci\u00f2 di cui avevo bisogno per lavorare e svilupparmi nelle migliori condizioni possibili.<br \/>\nIl corpo studentesco crea un'atmosfera di lavoro meravigliosa e uno spirito di cameratismo che non ho trovato da nessun'altra parte.<br \/>\nLa residenza si impegna davvero per tutti, offrendo aree di lavoro condivise e molti modi per rilassarsi insieme.<br \/>\nIl ristorante permette di avere sempre pasti equilibrati e di non doversi preoccupare di cucinare, soprattutto perch\u00e9 i pasti sono molto vari e si pu\u00f2 sempre trovare ci\u00f2 che si desidera.    <\/p>\n\t\t\t\t\t<\/div>\n\t\t\t\t\t\t\t\t\t<\/div>\n\t\t\t\t\t\t<div class=\"elementor-testimonial__footer\">\n\t\t\t\t\t\t\t\t<cite class=\"elementor-testimonial__cite\"><span class=\"elementor-testimonial__name\">Aymeric R.<\/span><span class=\"elementor-testimonial__title\">Ingegnere EPF di Sceaux<\/span><\/cite>\t\t\t<\/div>\n\t\t<\/div>\n\t\t\t\t\t\t\t\t<\/div>\n\t\t\t\t\t\t\t\t\t\t\t<div class=\"swiper-slide\" role=\"group\" aria-roledescription=\"slide\">\n\t\t\t\t\t\t\t\t\t<div class=\"elementor-testimonial\">\n\t\t\t\t\t\t\t<div class=\"elementor-testimonial__content\">\n\t\t\t\t\t<div class=\"elementor-testimonial__text\">\n\t\t\t\t\t\t<p>Sono arrivato alla RUL da un anno e mezzo, quando dovevo iniziare il mio \"stage di M2\".<br \/>\nOra sto concludendo il mio primo anno di dottorato e sto per fare la reiscrizione per l'anno che verr\u00e0.<br \/>\nPerch\u00e9?<br \/>\nPerch\u00e9 qui ho tutto ci\u00f2 di cui ho bisogno: una grande casa solo per me (bagno e doccia personali), accesso gratuito, internet incluso, ristorante, servizio di pulizia settimanale, sale comuni (studio, TV, musica, lavanderia...)...<br \/>\nInoltre il quartiere \u00e8 tranquillo (casas unifamiliares) e ben comunicato grazie alla RER B. La gente qui, anche se c'\u00e8 di tutto, pu\u00f2 essere simpatica e cordiale, e inoltre il ristorante \u00e8 un buon posto per parlare e conoscere gli altri studenti.<br \/>\nLo stesso vale per il personale: per qualsiasi problema basta dirlo alla reception e normalmente si risolve il giorno stesso, senza alcun problema.<br \/>\nImpossibile trovare un servizio migliore e pi\u00f9 economico.      <\/p>\n\t\t\t\t\t<\/div>\n\t\t\t\t\t\t\t\t\t<\/div>\n\t\t\t\t\t\t<div class=\"elementor-testimonial__footer\">\n\t\t\t\t\t\t\t\t<cite class=\"elementor-testimonial__cite\"><span class=\"elementor-testimonial__name\">Vicente P.<\/span><span class=\"elementor-testimonial__title\">Ricercatore presso l'Institut Curie di Parigi<\/span><\/cite>\t\t\t<\/div>\n\t\t<\/div>\n\t\t\t\t\t\t\t\t<\/div>\n\t\t\t\t\t\t\t\t\t\t\t<div class=\"swiper-slide\" role=\"group\" aria-roledescription=\"slide\">\n\t\t\t\t\t\t\t\t\t<div class=\"elementor-testimonial\">\n\t\t\t\t\t\t\t<div class=\"elementor-testimonial__content\">\n\t\t\t\t\t<div class=\"elementor-testimonial__text\">\n\t\t\t\t\t\t<p>R.U.L. \u00e8 stata una rivelazione per me, un modo per entrare nella vita?<br \/>\nHo imparato a far fronte alle esigenze del nostro mondo moderno.<br \/>\nGli Oblati hanno sempre avuto un senso di ascolto che mi ha permesso di esprimermi e di sbocciare.<br \/>\nSono diventato un uomo.<br \/>\nRobin Cadillon Arts &amp; M\u00e9tier.    <\/p>\n\t\t\t\t\t<\/div>\n\t\t\t\t\t\t\t\t\t<\/div>\n\t\t\t\t\t\t<div class=\"elementor-testimonial__footer\">\n\t\t\t\t\t\t\t\t<cite class=\"elementor-testimonial__cite\"><span class=\"elementor-testimonial__name\">Robin C.<\/span><span class=\"elementor-testimonial__title\">Arti e Mestieri di Cachan<\/span><\/cite>\t\t\t<\/div>\n\t\t<\/div>\n\t\t\t\t\t\t\t\t<\/div>\n\t\t\t\t\t\t\t\t\t\t\t<div class=\"swiper-slide\" role=\"group\" aria-roledescription=\"slide\">\n\t\t\t\t\t\t\t\t\t<div class=\"elementor-testimonial\">\n\t\t\t\t\t\t\t<div class=\"elementor-testimonial__content\">\n\t\t\t\t\t<div class=\"elementor-testimonial__text\">\n\t\t\t\t\t\t<p>Il R.U.L. \u00e8 pi\u00f9 di un semplice residence.<br \/>\n\u00c8 un'atmosfera che non si pu\u00f2 trovare da nessun'altra parte: un ottimo mix (nazioni, mentalit\u00e0, ecc.).<br \/>\nIo vengo dalla provincia e l'aspetto familiare mi ha permesso di trovare pi\u00f9 facilmente me stesso.<br \/>\nMathieu Flocat, EPF Sceaux   <\/p>\n\t\t\t\t\t<\/div>\n\t\t\t\t\t\t\t\t\t<\/div>\n\t\t\t\t\t\t<div class=\"elementor-testimonial__footer\">\n\t\t\t\t\t\t\t\t<cite class=\"elementor-testimonial__cite\"><span class=\"elementor-testimonial__name\">Mathieu F.<\/span><span class=\"elementor-testimonial__title\">EPF di Sceaux<\/span><\/cite>\t\t\t<\/div>\n\t\t<\/div>\n\t\t\t\t\t\t\t\t<\/div>\n\t\t\t\t\t\t\t\t\t\t\t<div class=\"swiper-slide\" role=\"group\" aria-roledescription=\"slide\">\n\t\t\t\t\t\t\t\t\t<div class=\"elementor-testimonial\">\n\t\t\t\t\t\t\t<div class=\"elementor-testimonial__content\">\n\t\t\t\t\t<div class=\"elementor-testimonial__text\">\n\t\t\t\t\t\t<p>Al R.U.L. ho conosciuto persone molto simpatiche.<br \/>\nEssendo di origine italiana, mi sono integrata bene nella metropoli parigina grazie all'atmosfera positiva del R.U.L., alle attivit\u00e0 proposte, al rispetto e all'incoraggiamento.<br \/>\nMi piace molto il concetto di \"equilibrio di vita\".  <\/p>\n\t\t\t\t\t<\/div>\n\t\t\t\t\t\t\t\t\t<\/div>\n\t\t\t\t\t\t<div class=\"elementor-testimonial__footer\">\n\t\t\t\t\t\t\t\t<cite class=\"elementor-testimonial__cite\"><span class=\"elementor-testimonial__name\">Simone S.<\/span><span class=\"elementor-testimonial__title\">Master Commun de Paris<\/span><\/cite>\t\t\t<\/div>\n\t\t<\/div>\n\t\t\t\t\t\t\t\t<\/div>\n\t\t\t\t\t\t\t\t\t\t\t<div class=\"swiper-slide\" role=\"group\" aria-roledescription=\"slide\">\n\t\t\t\t\t\t\t\t\t<div class=\"elementor-testimonial\">\n\t\t\t\t\t\t\t<div class=\"elementor-testimonial__content\">\n\t\t\t\t\t<div class=\"elementor-testimonial__text\">\n\t\t\t\t\t\t<p>Il R.U.L. mi ha davvero aiutato a integrarmi in Francia grazie all'atmosfera e alle strutture (cucina, pulizia, ecc.).<br \/>\nMi sono adattata bene e mi sento ancora a casa dopo la giornata di stage.<br \/>\n\u00c8 come essere in una famiglia, con forti legami e rispetto reciproco.<br \/>\n\u00c8 davvero fantastico!<br \/>\nNacer Zekri, Inform.<br \/>\n2010-201...     <\/p>\n\t\t\t\t\t<\/div>\n\t\t\t\t\t\t\t\t\t<\/div>\n\t\t\t\t\t\t<div class=\"elementor-testimonial__footer\">\n\t\t\t\t\t\t\t\t<cite class=\"elementor-testimonial__cite\"><span class=\"elementor-testimonial__name\">Nacer Z.<\/span><span class=\"elementor-testimonial__title\">Informati.\ndi Parigi <\/span><\/cite>\t\t\t<\/div>\n\t\t<\/div>\n\t\t\t\t\t\t\t\t<\/div>\n\t\t\t\t\t\t\t\t\t\t\t<div class=\"swiper-slide\" role=\"group\" aria-roledescription=\"slide\">\n\t\t\t\t\t\t\t\t\t<div class=\"elementor-testimonial\">\n\t\t\t\t\t\t\t<div class=\"elementor-testimonial__content\">\n\t\t\t\t\t<div class=\"elementor-testimonial__text\">\n\t\t\t\t\t\t<p>Il R.U.L. mi ha dato un buon supporto nei miei studi attuali.<br \/>\nCome tutti sappiamo, il successo negli studi non dipende solo dalla tua intelligenza, ma anche dall'ambiente in cui vivi.<br \/>\nIl R.U.L. ci permette di raggiungere questo equilibrio nella nostra vita, essenziale per rispettare noi stessi e gli altri.<br \/>\nCome ortodosso, sto approfittando della formazione supplementare offerta dal R.U.L. per approfondire quest'altra dimensione: la FEDE.   <\/p>\n\t\t\t\t\t<\/div>\n\t\t\t\t\t\t\t\t\t<\/div>\n\t\t\t\t\t\t<div class=\"elementor-testimonial__footer\">\n\t\t\t\t\t\t\t\t<cite class=\"elementor-testimonial__cite\"><span class=\"elementor-testimonial__name\">Alexane M.<\/span><span class=\"elementor-testimonial__title\">Ingegnere EPF di Sceaux<\/span><\/cite>\t\t\t<\/div>\n\t\t<\/div>\n\t\t\t\t\t\t\t\t<\/div>\n\t\t\t\t\t\t\t\t\t\t\t<div class=\"swiper-slide\" role=\"group\" aria-roledescription=\"slide\">\n\t\t\t\t\t\t\t\t\t<div class=\"elementor-testimonial\">\n\t\t\t\t\t\t\t<div class=\"elementor-testimonial__content\">\n\t\t\t\t\t<div class=\"elementor-testimonial__text\">\n\t\t\t\t\t\t<p>Ho gi\u00e0 trascorso il mio primo anno al R.U.L., un anno magnifico. Sono all'EPF. Molto vicino al R.U.L.. L'atmosfera \u00e8 intensa, i servizi sono adeguati. \u00c8 possibile stringere amicizie profonde e ricevere un sostegno reale per affrontare le esigenze della vita universitaria. Torner\u00f2 l'anno prossimo.<\/p>\n\t\t\t\t\t<\/div>\n\t\t\t\t\t\t\t\t\t<\/div>\n\t\t\t\t\t\t<div class=\"elementor-testimonial__footer\">\n\t\t\t\t\t\t\t\t<cite class=\"elementor-testimonial__cite\"><span class=\"elementor-testimonial__name\">Charles B.<\/span><span class=\"elementor-testimonial__title\">Ingegnere EPF di Sceaux<\/span><\/cite>\t\t\t<\/div>\n\t\t<\/div>\n\t\t\t\t\t\t\t\t<\/div>\n\t\t\t\t\t\t\t\t\t\t\t<div class=\"swiper-slide\" role=\"group\" aria-roledescription=\"slide\">\n\t\t\t\t\t\t\t\t\t<div class=\"elementor-testimonial\">\n\t\t\t\t\t\t\t<div class=\"elementor-testimonial__content\">\n\t\t\t\t\t<div class=\"elementor-testimonial__text\">\n\t\t\t\t\t\t<p>Sono uno studente italiano, in Erasmus a Parigi nel corso dell'anno accademico 2013\u22152014.<br \/>\nHo scelto la Residenza Universitaria Lanteri come alloggio per tale periodo, e sono molto soddisfatto della mia scelta.<br \/>\nIl rapporto qualit\u00e0-prezzo \u00e8 eccellente: a Parigi e nell'area metropolitana ci sono diverse residenze universitarie molto pi\u00f9 economiche di questa e che offrono anche meno servizi.<br \/>\nGli aspetti pratici alla Lanteri sono svariati, come la vicinanza alla stazione della RER di Fontenay-aux-Roses, le pulizie in camera, la lavanderia e la presenza di una chiesa.<br \/>\nAllo stesso tempo, ci sono diversi ambienti, come la sala da pranzo, la sala giochi, la sala musica, la sala TV e la palestra, che sono ideali per incoraggiare l'interazione sociale tra gli studenti.<br \/>\nCi tengo a sottolineare che qui ho stretto amicizia non soltanto con degli italiani, ma anche con dei francesi, che in generale sono gentili e aperti nei confronti degli stranieri.<br \/>\nSecondo me, la Lanteri \u00e8 il posto ideale per uno studente di qualsiasi nazionalit\u00e0!<br \/>\nPer concludere, da rilevare la professionalit\u00e0 della direzione e dei dipendenti, sempre cordiali e puntuali nel rispondere ai quesiti degli studenti.       <\/p>\n\t\t\t\t\t<\/div>\n\t\t\t\t\t\t\t\t\t<\/div>\n\t\t\t\t\t\t<div class=\"elementor-testimonial__footer\">\n\t\t\t\t\t\t\t\t<cite class=\"elementor-testimonial__cite\"><span class=\"elementor-testimonial__name\">Gianmartino C.<\/span><span class=\"elementor-testimonial__title\">Dottorato a Parigi<\/span><\/cite>\t\t\t<\/div>\n\t\t<\/div>\n\t\t\t\t\t\t\t\t<\/div>\n\t\t\t\t\t\t\t\t\t\t\t<div class=\"swiper-slide\" role=\"group\" aria-roledescription=\"slide\">\n\t\t\t\t\t\t\t\t\t<div class=\"elementor-testimonial\">\n\t\t\t\t\t\t\t<div class=\"elementor-testimonial__content\">\n\t\t\t\t\t<div class=\"elementor-testimonial__text\">\n\t\t\t\t\t\t<p>Una residenza eccellente sotto ogni punto di vista.<br \/>\n\u00c8 un luogo ideale per lavorare e rilassarsi.<br \/>\nLa direzione \u00e8 davvero notevole, disponibile, attenta e molto cordiale.<br \/>\nCredo sia difficile trovare qualcosa di meglio nella zona.<br \/>\nRaccomando    <\/p>\n\t\t\t\t\t<\/div>\n\t\t\t\t\t\t\t\t\t<\/div>\n\t\t\t\t\t\t<div class=\"elementor-testimonial__footer\">\n\t\t\t\t\t\t\t\t<cite class=\"elementor-testimonial__cite\"><span class=\"elementor-testimonial__name\">Bertrand P<\/span><span class=\"elementor-testimonial__title\">Prep.\nLakanal de Sceaux <\/span><\/cite>\t\t\t<\/div>\n\t\t<\/div>\n\t\t\t\t\t\t\t\t<\/div>\n\t\t\t\t\t\t\t\t\t\t\t<div class=\"swiper-slide\" role=\"group\" aria-roledescription=\"slide\">\n\t\t\t\t\t\t\t\t\t<div class=\"elementor-testimonial\">\n\t\t\t\t\t\t\t<div class=\"elementor-testimonial__content\">\n\t\t\t\t\t<div class=\"elementor-testimonial__text\">\n\t\t\t\t\t\t<p>La RUL \u00e8 un ambiente molto accogliente.<br \/>\nI numerosi servizi offerti mi hanno permesso di crescere e di diventare sempre pi\u00f9 indipendente.<br \/>\nSituato di fronte alla stazione RER, \u00e8 facile spostarsi.  <\/p>\n\t\t\t\t\t<\/div>\n\t\t\t\t\t\t\t\t\t<\/div>\n\t\t\t\t\t\t<div class=\"elementor-testimonial__footer\">\n\t\t\t\t\t\t\t\t<cite class=\"elementor-testimonial__cite\"><span class=\"elementor-testimonial__name\">Alexandre P.<\/span><span class=\"elementor-testimonial__title\">Ingegnere presso EPF Sceaux<\/span><\/cite>\t\t\t<\/div>\n\t\t<\/div>\n\t\t\t\t\t\t\t\t<\/div>\n\t\t\t\t\t\t\t\t\t\t\t<div class=\"swiper-slide\" role=\"group\" aria-roledescription=\"slide\">\n\t\t\t\t\t\t\t\t\t<div class=\"elementor-testimonial\">\n\t\t\t\t\t\t\t<div class=\"elementor-testimonial__content\">\n\t\t\t\t\t<div class=\"elementor-testimonial__text\">\n\t\t\t\t\t\t<p>Ho vissuto a Lanteri qualche anno fa, dal 2010 al 2011, e rimane uno dei periodi pi\u00f9 belli e felici della mia vita.<br \/>\nPassando per Fontenay-aux-roses, non ho potuto fare a meno di fermarmi e trovare questo link pieno di ricordi.<br \/>\nForse un giorno torner\u00f2 di nuovo.  <\/p>\n\t\t\t\t\t<\/div>\n\t\t\t\t\t\t\t\t\t<\/div>\n\t\t\t\t\t\t<div class=\"elementor-testimonial__footer\">\n\t\t\t\t\t\t\t\t<cite class=\"elementor-testimonial__cite\"><span class=\"elementor-testimonial__name\">Jacques C.<\/span><\/cite>\t\t\t<\/div>\n\t\t<\/div>\n\t\t\t\t\t\t\t\t<\/div>\n\t\t\t\t\t\t\t\t\t<\/div>\n\t\t\t\t\t\t\t\t\t\t\t\t\t\t\t\t\t\t\t\t<div class=\"swiper-pagination\"><\/div>\n\t\t\t\t\t\t\t\t\t\t\t\t<\/div>\n\t\t\t\t<\/div>\n\t\t\t\t\t\t\t\t<\/div>\n\t\t\t\t<\/div>\n\t\t\t\t\t<\/div>\n\t\t\t\t<\/div>\n\t\t\t\t<\/div>\n\t\t","protected":false},"excerpt":{"rendered":"<p>Testimonianze La valutazione di alcuni studenti della Residenza Universitaria Lanteri. Un luogo veramente internazionale, il R.U.L. apre le sue porte alla diversit\u00e0 e promuove l&#8217;integrazione! Un luogo veramente internazionale, il R.U.L. apre le sue porte alla diversit\u00e0 e promuove l&#8217;integrazione! Ho scoperto il RUL per caso, quando stavo cercando una residenza universitaria per i miei [&hellip;]<\/p>\n","protected":false},"author":1,"featured_media":0,"parent":0,"menu_order":0,"comment_status":"closed","ping_status":"closed","template":"elementor_header_footer","meta":{"footnotes":""},"class_list":["post-2967","page","type-page","status-publish","hentry"],"_links":{"self":[{"href":"https:\/\/www.residence-universitaire-lanteri.com\/it\/wp-json\/wp\/v2\/pages\/2967","targetHints":{"allow":["GET"]}}],"collection":[{"href":"https:\/\/www.residence-universitaire-lanteri.com\/it\/wp-json\/wp\/v2\/pages"}],"about":[{"href":"https:\/\/www.residence-universitaire-lanteri.com\/it\/wp-json\/wp\/v2\/types\/page"}],"author":[{"embeddable":true,"href":"https:\/\/www.residence-universitaire-lanteri.com\/it\/wp-json\/wp\/v2\/users\/1"}],"replies":[{"embeddable":true,"href":"https:\/\/www.residence-universitaire-lanteri.com\/it\/wp-json\/wp\/v2\/comments?post=2967"}],"version-history":[{"count":1,"href":"https:\/\/www.residence-universitaire-lanteri.com\/it\/wp-json\/wp\/v2\/pages\/2967\/revisions"}],"predecessor-version":[{"id":2969,"href":"https:\/\/www.residence-universitaire-lanteri.com\/it\/wp-json\/wp\/v2\/pages\/2967\/revisions\/2969"}],"wp:attachment":[{"href":"https:\/\/www.residence-universitaire-lanteri.com\/it\/wp-json\/wp\/v2\/media?parent=2967"}],"curies":[{"name":"wp","href":"https:\/\/api.w.org\/{rel}","templated":true}]}}