{"id":3346,"date":"2024-12-03T10:17:08","date_gmt":"2024-12-03T09:17:08","guid":{"rendered":"https:\/\/www.residence-universitaire-lanteri.com\/informacion-legal\/"},"modified":"2024-12-03T11:06:43","modified_gmt":"2024-12-03T10:06:43","slug":"informacion-legal","status":"publish","type":"page","link":"https:\/\/www.residence-universitaire-lanteri.com\/es\/informacion-legal\/","title":{"rendered":"Informaci\u00f3n legal"},"content":{"rendered":"\t\t<div data-elementor-type=\"wp-page\" data-elementor-id=\"3346\" class=\"elementor elementor-3346 elementor-3341\" data-elementor-settings=\"{&quot;ha_cmc_init_switcher&quot;:&quot;no&quot;}\" data-elementor-post-type=\"page\">\n\t\t\t\t<div class=\"elementor-element elementor-element-480c337 e-flex e-con-boxed e-con e-parent\" data-id=\"480c337\" data-element_type=\"container\" data-settings=\"{&quot;background_background&quot;:&quot;classic&quot;,&quot;_ha_eqh_enable&quot;:false}\">\n\t\t\t\t\t<div class=\"e-con-inner\">\n\t\t\t\t<div class=\"elementor-element elementor-element-9dd3a31 elementor-widget elementor-widget-spacer\" data-id=\"9dd3a31\" data-element_type=\"widget\" data-widget_type=\"spacer.default\">\n\t\t\t\t<div class=\"elementor-widget-container\">\n\t\t\t\t\t\t\t<div class=\"elementor-spacer\">\n\t\t\t<div class=\"elementor-spacer-inner\"><\/div>\n\t\t<\/div>\n\t\t\t\t\t\t<\/div>\n\t\t\t\t<\/div>\n\t\t\t\t<div class=\"elementor-element elementor-element-a891d8f elementor-widget-divider--view-line_text elementor-widget-divider--element-align-center elementor-widget elementor-widget-divider\" data-id=\"a891d8f\" data-element_type=\"widget\" data-widget_type=\"divider.default\">\n\t\t\t\t<div class=\"elementor-widget-container\">\n\t\t\t\t\t\t\t<div class=\"elementor-divider\">\n\t\t\t<span class=\"elementor-divider-separator\">\n\t\t\t\t\t\t\t<span class=\"elementor-divider__text elementor-divider__element\">\n\t\t\t\tInformaci\u00f3n legal\t\t\t\t<\/span>\n\t\t\t\t\t\t<\/span>\n\t\t<\/div>\n\t\t\t\t\t\t<\/div>\n\t\t\t\t<\/div>\n\t\t\t\t<div class=\"elementor-element elementor-element-c20aca9 elementor-widget elementor-widget-spacer\" data-id=\"c20aca9\" data-element_type=\"widget\" data-widget_type=\"spacer.default\">\n\t\t\t\t<div class=\"elementor-widget-container\">\n\t\t\t\t\t\t\t<div class=\"elementor-spacer\">\n\t\t\t<div class=\"elementor-spacer-inner\"><\/div>\n\t\t<\/div>\n\t\t\t\t\t\t<\/div>\n\t\t\t\t<\/div>\n\t\t\t\t\t<\/div>\n\t\t\t\t<\/div>\n\t\t<div class=\"elementor-element elementor-element-ebbdce3 e-flex e-con-boxed e-con e-parent\" data-id=\"ebbdce3\" data-element_type=\"container\" data-settings=\"{&quot;_ha_eqh_enable&quot;:false}\">\n\t\t\t\t\t<div class=\"e-con-inner\">\n\t\t<div class=\"elementor-element elementor-element-6df0f4c e-con-full e-flex e-con e-child\" data-id=\"6df0f4c\" data-element_type=\"container\" data-settings=\"{&quot;_ha_eqh_enable&quot;:false}\">\n\t\t<div class=\"elementor-element elementor-element-5d6e83b e-con-full e-flex e-con e-child\" data-id=\"5d6e83b\" data-element_type=\"container\" data-settings=\"{&quot;_ha_eqh_enable&quot;:false}\">\n\t\t\t\t<div class=\"elementor-element elementor-element-2e6eac3 elementor-widget elementor-widget-heading\" data-id=\"2e6eac3\" data-element_type=\"widget\" data-widget_type=\"heading.default\">\n\t\t\t\t<div class=\"elementor-widget-container\">\n\t\t\t\t\t<h2 class=\"elementor-heading-title elementor-size-default\">NOMBRE DE LA EMPRESA<\/h2>\t\t\t\t<\/div>\n\t\t\t\t<\/div>\n\t\t\t\t<div class=\"elementor-element elementor-element-05a87ae elementor-widget elementor-widget-text-editor\" data-id=\"05a87ae\" data-element_type=\"widget\" data-widget_type=\"text-editor.default\">\n\t\t\t\t<div class=\"elementor-widget-container\">\n\t\t\t\t\t\t\t\t\t<p>Residencia Universitaria Lanteri SIRET 389 446 326 00010<\/p>\n\t\t\t\t\t\t\t\t<\/div>\n\t\t\t\t<\/div>\n\t\t\t\t<div class=\"elementor-element elementor-element-2e162cf elementor-widget elementor-widget-heading\" data-id=\"2e162cf\" data-element_type=\"widget\" data-widget_type=\"heading.default\">\n\t\t\t\t<div class=\"elementor-widget-container\">\n\t\t\t\t\t<h2 class=\"elementor-heading-title elementor-size-default\">Domicilio social:<\/h2>\t\t\t\t<\/div>\n\t\t\t\t<\/div>\n\t\t\t\t<div class=\"elementor-element elementor-element-7e31450 elementor-widget elementor-widget-text-editor\" data-id=\"7e31450\" data-element_type=\"widget\" data-widget_type=\"text-editor.default\">\n\t\t\t\t<div class=\"elementor-widget-container\">\n\t\t\t\t\t\t\t\t\t<p>R\u00e9sidence Universitaire Lant\u00e9ri Chapelle Sainte Rita 7 rue Gentil-Bernard 92260 FONTENAY-AUX-ROSES<\/p>\n\t\t\t\t\t\t\t\t<\/div>\n\t\t\t\t<\/div>\n\t\t\t\t<div class=\"elementor-element elementor-element-a54b1a3 elementor-widget elementor-widget-heading\" data-id=\"a54b1a3\" data-element_type=\"widget\" data-widget_type=\"heading.default\">\n\t\t\t\t<div class=\"elementor-widget-container\">\n\t\t\t\t\t<h2 class=\"elementor-heading-title elementor-size-default\">Gesti\u00f3n de publicaciones:<\/h2>\t\t\t\t<\/div>\n\t\t\t\t<\/div>\n\t\t\t\t<div class=\"elementor-element elementor-element-a8d0c90 elementor-widget elementor-widget-text-editor\" data-id=\"a8d0c90\" data-element_type=\"widget\" data-widget_type=\"text-editor.default\">\n\t\t\t\t<div class=\"elementor-widget-container\">\n\t\t\t\t\t\t\t\t\t<p>Oblatos de la Virgen Mar\u00eda  [O .M.V.]<\/p>\n\t\t\t\t\t\t\t\t<\/div>\n\t\t\t\t<\/div>\n\t\t\t\t<div class=\"elementor-element elementor-element-262546c elementor-widget elementor-widget-heading\" data-id=\"262546c\" data-element_type=\"widget\" data-widget_type=\"heading.default\">\n\t\t\t\t<div class=\"elementor-widget-container\">\n\t\t\t\t\t<h2 class=\"elementor-heading-title elementor-size-default\">Est\u00e1s conectado al sitio web de RUL<\/h2>\t\t\t\t<\/div>\n\t\t\t\t<\/div>\n\t\t\t\t<div class=\"elementor-element elementor-element-bf89d5e elementor-widget elementor-widget-text-editor\" data-id=\"bf89d5e\" data-element_type=\"widget\" data-widget_type=\"text-editor.default\">\n\t\t\t\t<div class=\"elementor-widget-container\">\n\t\t\t\t\t\t\t\t\tEl editor se compromete a cumplir todas las leyes relativas al establecimiento y funcionamiento de un sitio de Internet. Te recordamos que el secreto de la correspondencia no est\u00e1 garantizado en Internet y que es responsabilidad de cada internauta tomar todas las medidas adecuadas para proteger sus propios datos y\/o programas inform\u00e1ticos de la contaminaci\u00f3n por cualquier virus que circule por Internet. \t\t\t\t\t\t\t\t<\/div>\n\t\t\t\t<\/div>\n\t\t\t\t<\/div>\n\t\t<div class=\"elementor-element elementor-element-23bcb90 e-con-full e-flex e-con e-child\" data-id=\"23bcb90\" data-element_type=\"container\" data-settings=\"{&quot;_ha_eqh_enable&quot;:false}\">\n\t\t\t\t<div class=\"elementor-element elementor-element-55758d2 elementor-widget elementor-widget-heading\" data-id=\"55758d2\" data-element_type=\"widget\" data-widget_type=\"heading.default\">\n\t\t\t\t<div class=\"elementor-widget-container\">\n\t\t\t\t\t<h2 class=\"elementor-heading-title elementor-size-default\">DATOS PERSONALES<\/h2>\t\t\t\t<\/div>\n\t\t\t\t<\/div>\n\t\t\t\t<div class=\"elementor-element elementor-element-46e6e9a elementor-widget elementor-widget-text-editor\" data-id=\"46e6e9a\" data-element_type=\"widget\" data-widget_type=\"text-editor.default\">\n\t\t\t\t<div class=\"elementor-widget-container\">\n\t\t\t\t\t\t\t\t\t<p>RUL se compromete a tomar todas las precauciones necesarias para proteger los datos personales tratados por sus servicios y, en particular, para evitar que sean deformados, da\u00f1ados o comunicados a terceros no autorizados.<\/p>\n<p>Tambi\u00e9n tienes derecho a acceder, modificar, rectificar y suprimir los datos recogidos en este sitio, de conformidad con las disposiciones de la Ley francesa de Protecci\u00f3n de Datos n\u00ba 78-17 de 6 de enero de 1978.<\/p>\n\t\t\t\t\t\t\t\t<\/div>\n\t\t\t\t<\/div>\n\t\t\t\t<div class=\"elementor-element elementor-element-a85f597 elementor-widget elementor-widget-heading\" data-id=\"a85f597\" data-element_type=\"widget\" data-widget_type=\"heading.default\">\n\t\t\t\t<div class=\"elementor-widget-container\">\n\t\t\t\t\t<h2 class=\"elementor-heading-title elementor-size-default\">Para ejercer este derecho, env\u00eda tu solicitud por correo postal a la siguiente direcci\u00f3n:  <\/h2>\t\t\t\t<\/div>\n\t\t\t\t<\/div>\n\t\t\t\t<div class=\"elementor-element elementor-element-798fb32 elementor-widget elementor-widget-text-editor\" data-id=\"798fb32\" data-element_type=\"widget\" data-widget_type=\"text-editor.default\">\n\t\t\t\t<div class=\"elementor-widget-container\">\n\t\t\t\t\t\t\t\t\t<p>Residencia Universitaria Lant\u00e9ri \/ Capilla Santa Rita 7 rue Gentil-Bernard 92260 FONTENAY-AUX-ROSES<\/p>\n\t\t\t\t\t\t\t\t<\/div>\n\t\t\t\t<\/div>\n\t\t\t\t<\/div>\n\t\t\t\t<\/div>\n\t\t\t\t\t<\/div>\n\t\t\t\t<\/div>\n\t\t<div class=\"elementor-element elementor-element-dbccc86 e-flex e-con-boxed e-con e-parent\" data-id=\"dbccc86\" data-element_type=\"container\" data-settings=\"{&quot;_ha_eqh_enable&quot;:false}\">\n\t\t\t\t\t<div class=\"e-con-inner\">\n\t\t<div class=\"elementor-element elementor-element-01f43f5 e-con-full e-flex e-con e-child\" data-id=\"01f43f5\" data-element_type=\"container\" data-settings=\"{&quot;_ha_eqh_enable&quot;:false}\">\n\t\t<div class=\"elementor-element elementor-element-c4bcac3 e-con-full e-flex e-con e-child\" data-id=\"c4bcac3\" data-element_type=\"container\" data-settings=\"{&quot;_ha_eqh_enable&quot;:false}\">\n\t\t\t\t<div class=\"elementor-element elementor-element-8e3b0c4 elementor-widget elementor-widget-heading\" data-id=\"8e3b0c4\" data-element_type=\"widget\" data-widget_type=\"heading.default\">\n\t\t\t\t<div class=\"elementor-widget-container\">\n\t\t\t\t\t<h2 class=\"elementor-heading-title elementor-size-default\">ENLACES DE HIPERTEXTO<\/h2>\t\t\t\t<\/div>\n\t\t\t\t<\/div>\n\t\t\t\t<div class=\"elementor-element elementor-element-70d50c6 elementor-widget elementor-widget-text-editor\" data-id=\"70d50c6\" data-element_type=\"widget\" data-widget_type=\"text-editor.default\">\n\t\t\t\t<div class=\"elementor-widget-container\">\n\t\t\t\t\t\t\t\t\t<p>Los enlaces de hipertexto establecidos en direcci\u00f3n a otros sitios desde este sitio no sabr\u00edan, a en ning\u00fan caso, comprometer la responsabilidad de la RUL. La creaci\u00f3n de enlaces de hipertexto hacia el sitio \u00abresidence-universitaire-lanteri.com\u00bb est\u00e1 sujeta al acuerdo previo del director de publicaci\u00f3n del sitio. <\/p>\n\t\t\t\t\t\t\t\t<\/div>\n\t\t\t\t<\/div>\n\t\t\t\t<\/div>\n\t\t<div class=\"elementor-element elementor-element-e381fcc e-con-full e-flex e-con e-child\" data-id=\"e381fcc\" data-element_type=\"container\" data-settings=\"{&quot;_ha_eqh_enable&quot;:false}\">\n\t\t\t\t<div class=\"elementor-element elementor-element-2fee416 elementor-widget elementor-widget-heading\" data-id=\"2fee416\" data-element_type=\"widget\" data-widget_type=\"heading.default\">\n\t\t\t\t<div class=\"elementor-widget-container\">\n\t\t\t\t\t<h2 class=\"elementor-heading-title elementor-size-default\">DERECHOS DE PROPIEDAD INTELECTUAL<\/h2>\t\t\t\t<\/div>\n\t\t\t\t<\/div>\n\t\t\t\t<div class=\"elementor-element elementor-element-27807ce elementor-widget elementor-widget-text-editor\" data-id=\"27807ce\" data-element_type=\"widget\" data-widget_type=\"text-editor.default\">\n\t\t\t\t<div class=\"elementor-widget-container\">\n\t\t\t\t\t\t\t\t\t<p>Este Sitio Web constituye una obra protegida en Francia por el C\u00f3digo de la Propiedad Intelectual, y en el extranjero por los convenios internacionales vigentes en materia de derechos de autor. La reproducci\u00f3n o representaci\u00f3n para uso no personal, total o parcial, de las p\u00e1ginas, datos y cualquier otro elemento constitutivo del sitio, por cualquier procedimiento o soporte, est\u00e1 prohibida y constituye una infracci\u00f3n sin la autorizaci\u00f3n del editor. La violaci\u00f3n de uno de los derechos de autor de la obra es un delito de falsificaci\u00f3n castigado, en los t\u00e9rminos del art\u00edculo L.335-2 del C\u00f3digo de la Propiedad Intelectual, con 2 a\u00f1os de prisi\u00f3n y una multa de 150.000 euros.  <\/p>\n\t\t\t\t\t\t\t\t<\/div>\n\t\t\t\t<\/div>\n\t\t\t\t<\/div>\n\t\t\t\t<\/div>\n\t\t\t\t\t<\/div>\n\t\t\t\t<\/div>\n\t\t<div class=\"elementor-element elementor-element-c290ef7 e-flex e-con-boxed e-con e-parent\" data-id=\"c290ef7\" data-element_type=\"container\" data-settings=\"{&quot;_ha_eqh_enable&quot;:false}\">\n\t\t\t\t\t<div class=\"e-con-inner\">\n\t\t<div class=\"elementor-element elementor-element-882e227 e-con-full e-flex e-con e-child\" data-id=\"882e227\" data-element_type=\"container\" data-settings=\"{&quot;_ha_eqh_enable&quot;:false}\">\n\t\t<div class=\"elementor-element elementor-element-7100467 e-con-full e-flex e-con e-child\" data-id=\"7100467\" data-element_type=\"container\" data-settings=\"{&quot;_ha_eqh_enable&quot;:false}\">\n\t\t\t\t<div class=\"elementor-element elementor-element-95e232d elementor-widget elementor-widget-heading\" data-id=\"95e232d\" data-element_type=\"widget\" data-widget_type=\"heading.default\">\n\t\t\t\t<div class=\"elementor-widget-container\">\n\t\t\t\t\t<h2 class=\"elementor-heading-title elementor-size-default\">INFORMACI\u00d3N T\u00c9CNICA<\/h2>\t\t\t\t<\/div>\n\t\t\t\t<\/div>\n\t\t\t\t<div class=\"elementor-element elementor-element-3870532 elementor-widget elementor-widget-heading\" data-id=\"3870532\" data-element_type=\"widget\" data-widget_type=\"heading.default\">\n\t\t\t\t<div class=\"elementor-widget-container\">\n\t\t\t\t\t<h2 class=\"elementor-heading-title elementor-size-default\">DISE\u00d1O WEB<\/h2>\t\t\t\t<\/div>\n\t\t\t\t<\/div>\n\t\t\t\t<div class=\"elementor-element elementor-element-cdf7fa5 elementor-widget elementor-widget-text-editor\" data-id=\"cdf7fa5\" data-element_type=\"widget\" data-widget_type=\"text-editor.default\">\n\t\t\t\t<div class=\"elementor-widget-container\">\n\t\t\t\t\t\t\t\t\t<p>Residencia Universitaria Lanteri<\/p>\n\t\t\t\t\t\t\t\t<\/div>\n\t\t\t\t<\/div>\n\t\t\t\t<div class=\"elementor-element elementor-element-d0740cd elementor-widget elementor-widget-heading\" data-id=\"d0740cd\" data-element_type=\"widget\" data-widget_type=\"heading.default\">\n\t\t\t\t<div class=\"elementor-widget-container\">\n\t\t\t\t\t<h2 class=\"elementor-heading-title elementor-size-default\">Maestro WEB  <\/h2>\t\t\t\t<\/div>\n\t\t\t\t<\/div>\n\t\t\t\t<div class=\"elementor-element elementor-element-71a6312 elementor-widget elementor-widget-text-editor\" data-id=\"71a6312\" data-element_type=\"widget\" data-widget_type=\"text-editor.default\">\n\t\t\t\t<div class=\"elementor-widget-container\">\n\t\t\t\t\t\t\t\t\t<br> Fran\u00e7ois<strong> LAPOINTE <\/strong>y Vicente <strong>PLANELLES HERRERO<\/strong> 7 rue Gentil-Bernard 92260 FONTENAY-AUX-ROSES<br>\n <br>\t\t\t\t\t\t\t\t<\/div>\n\t\t\t\t<\/div>\n\t\t\t\t<div class=\"elementor-element elementor-element-74bf8b5 elementor-widget elementor-widget-heading\" data-id=\"74bf8b5\" data-element_type=\"widget\" data-widget_type=\"heading.default\">\n\t\t\t\t<div class=\"elementor-widget-container\">\n\t\t\t\t\t<h2 class=\"elementor-heading-title elementor-size-default\">Alojamiento WEB<\/h2>\t\t\t\t<\/div>\n\t\t\t\t<\/div>\n\t\t\t\t<div class=\"elementor-element elementor-element-1497850 elementor-widget elementor-widget-text-editor\" data-id=\"1497850\" data-element_type=\"widget\" data-widget_type=\"text-editor.default\">\n\t\t\t\t<div class=\"elementor-widget-container\">\n\t\t\t\t\t\t\t\t\t<p><strong>GANDI SAS<\/strong><\/p>\n<p>Domicilio social: 63-65 boulevard Massena, Par\u00eds (75013) FRANCIA,  <\/p>\n<p>Empresa francesa creada en 1999 con alojamiento en la nube de nuestro sitio en Par\u00eds.<\/p>\n\t\t\t\t\t\t\t\t<\/div>\n\t\t\t\t<\/div>\n\t\t\t\t<\/div>\n\t\t\t\t<\/div>\n\t\t\t\t\t<\/div>\n\t\t\t\t<\/div>\n\t\t\t\t<\/div>\n\t\t","protected":false},"excerpt":{"rendered":"<p>Informaci\u00f3n legal NOMBRE DE LA EMPRESA Residencia Universitaria Lanteri SIRET 389 446 326 00010 Domicilio social: R\u00e9sidence Universitaire Lant\u00e9ri Chapelle Sainte Rita 7 rue Gentil-Bernard 92260 FONTENAY-AUX-ROSES Gesti\u00f3n de publicaciones: Oblatos de la Virgen Mar\u00eda [O .M.V.] Est\u00e1s conectado al sitio web de RUL El editor se compromete a cumplir todas las leyes relativas al [&hellip;]<\/p>\n","protected":false},"author":1,"featured_media":0,"parent":0,"menu_order":0,"comment_status":"closed","ping_status":"closed","template":"elementor_header_footer","meta":{"footnotes":""},"class_list":["post-3346","page","type-page","status-publish","hentry"],"_links":{"self":[{"href":"https:\/\/www.residence-universitaire-lanteri.com\/es\/wp-json\/wp\/v2\/pages\/3346","targetHints":{"allow":["GET"]}}],"collection":[{"href":"https:\/\/www.residence-universitaire-lanteri.com\/es\/wp-json\/wp\/v2\/pages"}],"about":[{"href":"https:\/\/www.residence-universitaire-lanteri.com\/es\/wp-json\/wp\/v2\/types\/page"}],"author":[{"embeddable":true,"href":"https:\/\/www.residence-universitaire-lanteri.com\/es\/wp-json\/wp\/v2\/users\/1"}],"replies":[{"embeddable":true,"href":"https:\/\/www.residence-universitaire-lanteri.com\/es\/wp-json\/wp\/v2\/comments?post=3346"}],"version-history":[{"count":3,"href":"https:\/\/www.residence-universitaire-lanteri.com\/es\/wp-json\/wp\/v2\/pages\/3346\/revisions"}],"predecessor-version":[{"id":3373,"href":"https:\/\/www.residence-universitaire-lanteri.com\/es\/wp-json\/wp\/v2\/pages\/3346\/revisions\/3373"}],"wp:attachment":[{"href":"https:\/\/www.residence-universitaire-lanteri.com\/es\/wp-json\/wp\/v2\/media?parent=3346"}],"curies":[{"name":"wp","href":"https:\/\/api.w.org\/{rel}","templated":true}]}}