{"id":3136,"date":"2024-08-05T11:59:48","date_gmt":"2024-08-05T09:59:48","guid":{"rendered":"https:\/\/www.residence-universitaire-lanteri.com\/galeria-de-fotos-de-la-residencia-universitaria\/"},"modified":"2024-11-28T15:36:48","modified_gmt":"2024-11-28T14:36:48","slug":"galeria-de-fotos-de-la-residencia-universitaria","status":"publish","type":"page","link":"https:\/\/www.residence-universitaire-lanteri.com\/es\/galeria-de-fotos-de-la-residencia-universitaria\/","title":{"rendered":"Galer\u00eda de fotos de la Residencia Universitaria"},"content":{"rendered":"\t\t<div data-elementor-type=\"wp-page\" data-elementor-id=\"3136\" class=\"elementor elementor-3136 elementor-2462\" data-elementor-settings=\"{&quot;ha_cmc_init_switcher&quot;:&quot;no&quot;}\" data-elementor-post-type=\"page\">\n\t\t\t\t<div class=\"elementor-element elementor-element-8a2251c e-flex e-con-boxed e-con e-parent\" data-id=\"8a2251c\" data-element_type=\"container\" data-settings=\"{&quot;background_background&quot;:&quot;classic&quot;,&quot;_ha_eqh_enable&quot;:false}\">\n\t\t\t\t\t<div class=\"e-con-inner\">\n\t\t\t\t<div class=\"elementor-element elementor-element-a63532b elementor-widget elementor-widget-spacer\" data-id=\"a63532b\" data-element_type=\"widget\" data-widget_type=\"spacer.default\">\n\t\t\t\t<div class=\"elementor-widget-container\">\n\t\t\t\t\t\t\t<div class=\"elementor-spacer\">\n\t\t\t<div class=\"elementor-spacer-inner\"><\/div>\n\t\t<\/div>\n\t\t\t\t\t\t<\/div>\n\t\t\t\t<\/div>\n\t\t\t\t<div class=\"elementor-element elementor-element-a672b71 elementor-widget-divider--view-line_text elementor-widget-divider--element-align-center elementor-widget elementor-widget-divider\" data-id=\"a672b71\" data-element_type=\"widget\" data-widget_type=\"divider.default\">\n\t\t\t\t<div class=\"elementor-widget-container\">\n\t\t\t\t\t\t\t<div class=\"elementor-divider\">\n\t\t\t<span class=\"elementor-divider-separator\">\n\t\t\t\t\t\t\t<span class=\"elementor-divider__text elementor-divider__element\">\n\t\t\t\tGaler\u00eda de fotos de la Residencia Universitaria\t\t\t\t<\/span>\n\t\t\t\t\t\t<\/span>\n\t\t<\/div>\n\t\t\t\t\t\t<\/div>\n\t\t\t\t<\/div>\n\t\t\t\t<div class=\"elementor-element elementor-element-73b46ce elementor-widget elementor-widget-heading\" data-id=\"73b46ce\" data-element_type=\"widget\" data-widget_type=\"heading.default\">\n\t\t\t\t<div class=\"elementor-widget-container\">\n\t\t\t\t\t<h2 class=\"elementor-heading-title elementor-size-default\">L'H\u00f4tellerie R\u00e9sidence Lanteri<\/h2>\t\t\t\t<\/div>\n\t\t\t\t<\/div>\n\t\t\t\t<div class=\"elementor-element elementor-element-8c9214b elementor-widget elementor-widget-spacer\" data-id=\"8c9214b\" data-element_type=\"widget\" data-widget_type=\"spacer.default\">\n\t\t\t\t<div class=\"elementor-widget-container\">\n\t\t\t\t\t\t\t<div class=\"elementor-spacer\">\n\t\t\t<div class=\"elementor-spacer-inner\"><\/div>\n\t\t<\/div>\n\t\t\t\t\t\t<\/div>\n\t\t\t\t<\/div>\n\t\t\t\t\t<\/div>\n\t\t\t\t<\/div>\n\t\t<div class=\"elementor-element elementor-element-d4807ea e-flex e-con-boxed e-con e-parent\" data-id=\"d4807ea\" data-element_type=\"container\" data-settings=\"{&quot;_ha_eqh_enable&quot;:false}\">\n\t\t\t\t\t<div class=\"e-con-inner\">\n\t\t\t\t<div class=\"elementor-element elementor-element-582bd73 elementor-tabs-alignment-center elementor-tabs-view-horizontal elementor-widget elementor-widget-tabs\" data-id=\"582bd73\" data-element_type=\"widget\" data-widget_type=\"tabs.default\">\n\t\t\t\t<div class=\"elementor-widget-container\">\n\t\t\t\t\t\t\t<div class=\"elementor-tabs\">\n\t\t\t<div class=\"elementor-tabs-wrapper\" role=\"tablist\" >\n\t\t\t\t\t\t\t\t\t<div id=\"elementor-tab-title-9241\" class=\"elementor-tab-title elementor-tab-desktop-title\" aria-selected=\"true\" data-tab=\"1\" role=\"tab\" tabindex=\"0\" aria-controls=\"elementor-tab-content-9241\" aria-expanded=\"false\">Todos<\/div>\n\t\t\t\t\t\t\t\t\t<div id=\"elementor-tab-title-9242\" class=\"elementor-tab-title elementor-tab-desktop-title\" aria-selected=\"false\" data-tab=\"2\" role=\"tab\" tabindex=\"-1\" aria-controls=\"elementor-tab-content-9242\" aria-expanded=\"false\">Inicio<\/div>\n\t\t\t\t\t\t\t\t\t<div id=\"elementor-tab-title-9243\" class=\"elementor-tab-title elementor-tab-desktop-title\" aria-selected=\"false\" data-tab=\"3\" role=\"tab\" tabindex=\"-1\" aria-controls=\"elementor-tab-content-9243\" aria-expanded=\"false\">Tienda de recuerdos<\/div>\n\t\t\t\t\t\t\t\t\t<div id=\"elementor-tab-title-9244\" class=\"elementor-tab-title elementor-tab-desktop-title\" aria-selected=\"false\" data-tab=\"4\" role=\"tab\" tabindex=\"-1\" aria-controls=\"elementor-tab-content-9244\" aria-expanded=\"false\">Habitaciones<\/div>\n\t\t\t\t\t\t\t\t\t<div id=\"elementor-tab-title-9245\" class=\"elementor-tab-title elementor-tab-desktop-title\" aria-selected=\"false\" data-tab=\"5\" role=\"tab\" tabindex=\"-1\" aria-controls=\"elementor-tab-content-9245\" aria-expanded=\"false\">Polideportivo<\/div>\n\t\t\t\t\t\t\t<\/div>\n\t\t\t<div class=\"elementor-tabs-content-wrapper\" role=\"tablist\" aria-orientation=\"vertical\">\n\t\t\t\t\t\t\t\t\t<div class=\"elementor-tab-title elementor-tab-mobile-title\" aria-selected=\"true\" data-tab=\"1\" role=\"tab\" tabindex=\"0\" aria-controls=\"elementor-tab-content-9241\" aria-expanded=\"false\">Todos<\/div>\n\t\t\t\t\t<div id=\"elementor-tab-content-9241\" class=\"elementor-tab-content elementor-clearfix\" data-tab=\"1\" role=\"tabpanel\" aria-labelledby=\"elementor-tab-title-9241\" tabindex=\"0\" hidden=\"false\">\t\t<div data-elementor-type=\"container\" data-elementor-id=\"3072\" class=\"elementor elementor-3072 elementor-2508\" data-elementor-settings=\"{&quot;ha_cmc_init_switcher&quot;:&quot;no&quot;}\" data-elementor-post-type=\"elementor_library\">\n\t\t\t\t<div class=\"elementor-element elementor-element-281c885 e-flex e-con-boxed e-con e-parent\" data-id=\"281c885\" data-element_type=\"container\" data-settings=\"{&quot;_ha_eqh_enable&quot;:false}\">\n\t\t\t\t\t<div class=\"e-con-inner\">\n\t\t\t\t<div class=\"elementor-element elementor-element-683f4c0 gallery-spacing-custom elementor-widget__width-inherit elementor-widget elementor-widget-image-gallery\" data-id=\"683f4c0\" data-element_type=\"widget\" data-widget_type=\"image-gallery.default\">\n\t\t\t\t<div class=\"elementor-widget-container\">\n\t\t\t\t\t\t\t<div class=\"elementor-image-gallery\">\n\t\t\t<div id='gallery-1' class='gallery galleryid-3136 gallery-columns-3 gallery-size-full'><figure class='gallery-item'>\n\t\t\t<div class='gallery-icon landscape'>\n\t\t\t\t<img fetchpriority=\"high\" decoding=\"async\" width=\"1137\" height=\"900\" src=\"https:\/\/www.residence-universitaire-lanteri.com\/wp-content\/uploads\/2024\/08\/image-RUL_gallerie-25.jpg\" class=\"attachment-full size-full\" alt=\"\" srcset=\"https:\/\/www.residence-universitaire-lanteri.com\/wp-content\/uploads\/2024\/08\/image-RUL_gallerie-25.jpg 1137w, https:\/\/www.residence-universitaire-lanteri.com\/wp-content\/uploads\/2024\/08\/image-RUL_gallerie-25-300x237.jpg 300w, https:\/\/www.residence-universitaire-lanteri.com\/wp-content\/uploads\/2024\/08\/image-RUL_gallerie-25-1024x811.jpg 1024w, https:\/\/www.residence-universitaire-lanteri.com\/wp-content\/uploads\/2024\/08\/image-RUL_gallerie-25-768x608.jpg 768w\" sizes=\"(max-width: 1137px) 100vw, 1137px\" \/>\n\t\t\t<\/div><\/figure><figure class='gallery-item'>\n\t\t\t<div class='gallery-icon landscape'>\n\t\t\t\t<img decoding=\"async\" width=\"1280\" height=\"852\" src=\"https:\/\/www.residence-universitaire-lanteri.com\/wp-content\/uploads\/2024\/08\/image-RUL_gallerie-29.jpg\" class=\"attachment-full size-full\" alt=\"\" srcset=\"https:\/\/www.residence-universitaire-lanteri.com\/wp-content\/uploads\/2024\/08\/image-RUL_gallerie-29.jpg 1280w, https:\/\/www.residence-universitaire-lanteri.com\/wp-content\/uploads\/2024\/08\/image-RUL_gallerie-29-300x200.jpg 300w, https:\/\/www.residence-universitaire-lanteri.com\/wp-content\/uploads\/2024\/08\/image-RUL_gallerie-29-1024x682.jpg 1024w, https:\/\/www.residence-universitaire-lanteri.com\/wp-content\/uploads\/2024\/08\/image-RUL_gallerie-29-768x511.jpg 768w\" sizes=\"(max-width: 1280px) 100vw, 1280px\" \/>\n\t\t\t<\/div><\/figure><figure class='gallery-item'>\n\t\t\t<div class='gallery-icon landscape'>\n\t\t\t\t<img decoding=\"async\" width=\"1280\" height=\"852\" src=\"https:\/\/www.residence-universitaire-lanteri.com\/wp-content\/uploads\/2024\/08\/image-RUL_gallerie-17.jpg\" class=\"attachment-full size-full\" alt=\"\" srcset=\"https:\/\/www.residence-universitaire-lanteri.com\/wp-content\/uploads\/2024\/08\/image-RUL_gallerie-17.jpg 1280w, https:\/\/www.residence-universitaire-lanteri.com\/wp-content\/uploads\/2024\/08\/image-RUL_gallerie-17-300x200.jpg 300w, https:\/\/www.residence-universitaire-lanteri.com\/wp-content\/uploads\/2024\/08\/image-RUL_gallerie-17-1024x682.jpg 1024w, https:\/\/www.residence-universitaire-lanteri.com\/wp-content\/uploads\/2024\/08\/image-RUL_gallerie-17-768x511.jpg 768w\" sizes=\"(max-width: 1280px) 100vw, 1280px\" \/>\n\t\t\t<\/div><\/figure><figure class='gallery-item'>\n\t\t\t<div class='gallery-icon landscape'>\n\t\t\t\t<img loading=\"lazy\" decoding=\"async\" width=\"1936\" height=\"1288\" src=\"https:\/\/www.residence-universitaire-lanteri.com\/wp-content\/uploads\/2024\/08\/image-RUL_gallerie-30.jpg\" class=\"attachment-full size-full\" alt=\"\" srcset=\"https:\/\/www.residence-universitaire-lanteri.com\/wp-content\/uploads\/2024\/08\/image-RUL_gallerie-30.jpg 1936w, https:\/\/www.residence-universitaire-lanteri.com\/wp-content\/uploads\/2024\/08\/image-RUL_gallerie-30-300x200.jpg 300w, https:\/\/www.residence-universitaire-lanteri.com\/wp-content\/uploads\/2024\/08\/image-RUL_gallerie-30-1024x681.jpg 1024w, https:\/\/www.residence-universitaire-lanteri.com\/wp-content\/uploads\/2024\/08\/image-RUL_gallerie-30-768x511.jpg 768w, https:\/\/www.residence-universitaire-lanteri.com\/wp-content\/uploads\/2024\/08\/image-RUL_gallerie-30-1536x1022.jpg 1536w\" sizes=\"(max-width: 1936px) 100vw, 1936px\" \/>\n\t\t\t<\/div><\/figure><figure class='gallery-item'>\n\t\t\t<div class='gallery-icon landscape'>\n\t\t\t\t<img loading=\"lazy\" decoding=\"async\" width=\"1280\" height=\"852\" src=\"https:\/\/www.residence-universitaire-lanteri.com\/wp-content\/uploads\/2024\/08\/image-RUL_gallerie-15.jpg\" class=\"attachment-full size-full\" alt=\"\" srcset=\"https:\/\/www.residence-universitaire-lanteri.com\/wp-content\/uploads\/2024\/08\/image-RUL_gallerie-15.jpg 1280w, https:\/\/www.residence-universitaire-lanteri.com\/wp-content\/uploads\/2024\/08\/image-RUL_gallerie-15-300x200.jpg 300w, https:\/\/www.residence-universitaire-lanteri.com\/wp-content\/uploads\/2024\/08\/image-RUL_gallerie-15-1024x682.jpg 1024w, https:\/\/www.residence-universitaire-lanteri.com\/wp-content\/uploads\/2024\/08\/image-RUL_gallerie-15-768x511.jpg 768w\" sizes=\"(max-width: 1280px) 100vw, 1280px\" \/>\n\t\t\t<\/div><\/figure><figure class='gallery-item'>\n\t\t\t<div class='gallery-icon landscape'>\n\t\t\t\t<img loading=\"lazy\" decoding=\"async\" width=\"1280\" height=\"852\" src=\"https:\/\/www.residence-universitaire-lanteri.com\/wp-content\/uploads\/2024\/08\/image-RUL_gallerie-22.jpg\" class=\"attachment-full size-full\" alt=\"\" srcset=\"https:\/\/www.residence-universitaire-lanteri.com\/wp-content\/uploads\/2024\/08\/image-RUL_gallerie-22.jpg 1280w, https:\/\/www.residence-universitaire-lanteri.com\/wp-content\/uploads\/2024\/08\/image-RUL_gallerie-22-300x200.jpg 300w, https:\/\/www.residence-universitaire-lanteri.com\/wp-content\/uploads\/2024\/08\/image-RUL_gallerie-22-1024x682.jpg 1024w, https:\/\/www.residence-universitaire-lanteri.com\/wp-content\/uploads\/2024\/08\/image-RUL_gallerie-22-768x511.jpg 768w\" sizes=\"(max-width: 1280px) 100vw, 1280px\" \/>\n\t\t\t<\/div><\/figure>\n\t\t<\/div>\n\t\t<\/div>\n\t\t\t\t\t\t<\/div>\n\t\t\t\t<\/div>\n\t\t\t\t\t<\/div>\n\t\t\t\t<\/div>\n\t\t\t\t<\/div>\n\t\t\n<\/div>\n\t\t\t\t\t\t\t\t\t<div class=\"elementor-tab-title elementor-tab-mobile-title\" aria-selected=\"false\" data-tab=\"2\" role=\"tab\" tabindex=\"-1\" aria-controls=\"elementor-tab-content-9242\" aria-expanded=\"false\">Inicio<\/div>\n\t\t\t\t\t<div id=\"elementor-tab-content-9242\" class=\"elementor-tab-content elementor-clearfix\" data-tab=\"2\" role=\"tabpanel\" aria-labelledby=\"elementor-tab-title-9242\" tabindex=\"0\" hidden=\"hidden\"><p><img loading=\"lazy\" decoding=\"async\" class=\"alignnone wp-image-2524\" src=\"https:\/\/www.residence-universitaire-lanteri.com\/wp-content\/uploads\/2024\/08\/image-RUL_gallerie-25-300x237.jpg\" alt=\"\" width=\"293\" height=\"232\" srcset=\"https:\/\/www.residence-universitaire-lanteri.com\/wp-content\/uploads\/2024\/08\/image-RUL_gallerie-25-300x237.jpg 300w, https:\/\/www.residence-universitaire-lanteri.com\/wp-content\/uploads\/2024\/08\/image-RUL_gallerie-25-1024x811.jpg 1024w, https:\/\/www.residence-universitaire-lanteri.com\/wp-content\/uploads\/2024\/08\/image-RUL_gallerie-25-768x608.jpg 768w, https:\/\/www.residence-universitaire-lanteri.com\/wp-content\/uploads\/2024\/08\/image-RUL_gallerie-25.jpg 1137w\" sizes=\"(max-width: 293px) 100vw, 293px\" \/><\/p>\n<\/div>\n\t\t\t\t\t\t\t\t\t<div class=\"elementor-tab-title elementor-tab-mobile-title\" aria-selected=\"false\" data-tab=\"3\" role=\"tab\" tabindex=\"-1\" aria-controls=\"elementor-tab-content-9243\" aria-expanded=\"false\">Tienda de recuerdos<\/div>\n\t\t\t\t\t<div id=\"elementor-tab-content-9243\" class=\"elementor-tab-content elementor-clearfix\" data-tab=\"3\" role=\"tabpanel\" aria-labelledby=\"elementor-tab-title-9243\" tabindex=\"0\" hidden=\"hidden\"><p><img loading=\"lazy\" decoding=\"async\" class=\"alignnone wp-image-2514\" src=\"https:\/\/www.residence-universitaire-lanteri.com\/wp-content\/uploads\/2024\/08\/image-RUL_gallerie-17-300x200.jpg\" alt=\"\" width=\"389\" height=\"259\" srcset=\"https:\/\/www.residence-universitaire-lanteri.com\/wp-content\/uploads\/2024\/08\/image-RUL_gallerie-17-300x200.jpg 300w, https:\/\/www.residence-universitaire-lanteri.com\/wp-content\/uploads\/2024\/08\/image-RUL_gallerie-17-1024x682.jpg 1024w, https:\/\/www.residence-universitaire-lanteri.com\/wp-content\/uploads\/2024\/08\/image-RUL_gallerie-17-768x511.jpg 768w, https:\/\/www.residence-universitaire-lanteri.com\/wp-content\/uploads\/2024\/08\/image-RUL_gallerie-17.jpg 1280w\" sizes=\"(max-width: 389px) 100vw, 389px\" \/>     <img loading=\"lazy\" decoding=\"async\" class=\"alignnone wp-image-2516\" src=\"https:\/\/www.residence-universitaire-lanteri.com\/wp-content\/uploads\/2024\/08\/image-RUL_gallerie-29-300x200.jpg\" alt=\"\" width=\"390\" height=\"260\" srcset=\"https:\/\/www.residence-universitaire-lanteri.com\/wp-content\/uploads\/2024\/08\/image-RUL_gallerie-29-300x200.jpg 300w, https:\/\/www.residence-universitaire-lanteri.com\/wp-content\/uploads\/2024\/08\/image-RUL_gallerie-29-1024x682.jpg 1024w, https:\/\/www.residence-universitaire-lanteri.com\/wp-content\/uploads\/2024\/08\/image-RUL_gallerie-29-768x511.jpg 768w, https:\/\/www.residence-universitaire-lanteri.com\/wp-content\/uploads\/2024\/08\/image-RUL_gallerie-29.jpg 1280w\" sizes=\"(max-width: 390px) 100vw, 390px\" \/><\/p>\n<\/div>\n\t\t\t\t\t\t\t\t\t<div class=\"elementor-tab-title elementor-tab-mobile-title\" aria-selected=\"false\" data-tab=\"4\" role=\"tab\" tabindex=\"-1\" aria-controls=\"elementor-tab-content-9244\" aria-expanded=\"false\">Habitaciones<\/div>\n\t\t\t\t\t<div id=\"elementor-tab-content-9244\" class=\"elementor-tab-content elementor-clearfix\" data-tab=\"4\" role=\"tabpanel\" aria-labelledby=\"elementor-tab-title-9244\" tabindex=\"0\" hidden=\"hidden\">\t\t<div data-elementor-type=\"container\" data-elementor-id=\"3084\" class=\"elementor elementor-3084 elementor-2481\" data-elementor-settings=\"{&quot;ha_cmc_init_switcher&quot;:&quot;no&quot;}\" data-elementor-post-type=\"elementor_library\">\n\t\t\t\t<div class=\"elementor-element elementor-element-281c885 e-flex e-con-boxed e-con e-parent\" data-id=\"281c885\" data-element_type=\"container\" data-settings=\"{&quot;_ha_eqh_enable&quot;:false}\">\n\t\t\t\t\t<div class=\"e-con-inner\">\n\t\t<div class=\"elementor-element elementor-element-b69a1f2 e-con-full e-flex e-con e-child\" data-id=\"b69a1f2\" data-element_type=\"container\" data-settings=\"{&quot;_ha_eqh_enable&quot;:false}\">\n\t\t\t\t<div class=\"elementor-element elementor-element-84a67d3 elementor-widget elementor-widget-heading\" data-id=\"84a67d3\" data-element_type=\"widget\" data-widget_type=\"heading.default\">\n\t\t\t\t<div class=\"elementor-widget-container\">\n\t\t\t\t\t<h2 class=\"elementor-heading-title elementor-size-default\">Habitaciones individuales<\/h2>\t\t\t\t<\/div>\n\t\t\t\t<\/div>\n\t\t\t\t<div class=\"elementor-element elementor-element-62e3501 elementor-widget elementor-widget-text-editor\" data-id=\"62e3501\" data-element_type=\"widget\" data-widget_type=\"text-editor.default\">\n\t\t\t\t<div class=\"elementor-widget-container\">\n\t\t\t\t\t\t\t\t\t<div class=\"field field-name-field-summary field-type-text-long field-label-hidden\">\n<div class=\"field-items\">\n<div class=\"field-item even\">\n<p>Las habitaciones de estudiantes de la Residencia Universitaria Lanteri son de una calidad excepcional, ya que han sido reformadas recientemente con mobiliario adaptado a las necesidades de una clientela exigente.<\/p>\n<\/div>\n<\/div>\n<\/div>\n<div class=\"field field-name-body field-type-text-with-summary field-label-hidden\">\n<div class=\"field-items\">\n<div class=\"field-item even\">\n<p>Las habitaciones individuales tienen 16 m\u00b2 amueblados y ba\u00f1o privado. Son amplias, luminosas, pr\u00e1cticas y muy c\u00f3modas. <\/p>\n<p>El \u00edndice de satisfacci\u00f3n es muy alto: 99%.<\/p>\n<\/div>\n<\/div>\n<\/div>\n\t\t\t\t\t\t\t\t<\/div>\n\t\t\t\t<\/div>\n\t\t\t\t<\/div>\n\t\t<div class=\"elementor-element elementor-element-8728163 e-con-full e-flex e-con e-child\" data-id=\"8728163\" data-element_type=\"container\" data-settings=\"{&quot;_ha_eqh_enable&quot;:false}\">\n\t\t\t\t<div class=\"elementor-element elementor-element-0ea6519 elementor-widget elementor-widget-image\" data-id=\"0ea6519\" data-element_type=\"widget\" data-widget_type=\"image.default\">\n\t\t\t\t<div class=\"elementor-widget-container\">\n\t\t\t\t\t\t\t\t\t\t\t\t\t\t\t<img loading=\"lazy\" decoding=\"async\" width=\"800\" height=\"533\" src=\"https:\/\/www.residence-universitaire-lanteri.com\/wp-content\/uploads\/2024\/08\/image-RUL_gallerie-15-1024x682.jpg\" class=\"attachment-large size-large wp-image-2499\" alt=\"\" srcset=\"https:\/\/www.residence-universitaire-lanteri.com\/wp-content\/uploads\/2024\/08\/image-RUL_gallerie-15-1024x682.jpg 1024w, https:\/\/www.residence-universitaire-lanteri.com\/wp-content\/uploads\/2024\/08\/image-RUL_gallerie-15-300x200.jpg 300w, https:\/\/www.residence-universitaire-lanteri.com\/wp-content\/uploads\/2024\/08\/image-RUL_gallerie-15-768x511.jpg 768w, https:\/\/www.residence-universitaire-lanteri.com\/wp-content\/uploads\/2024\/08\/image-RUL_gallerie-15.jpg 1280w\" sizes=\"(max-width: 800px) 100vw, 800px\" \/>\t\t\t\t\t\t\t\t\t\t\t\t\t\t\t<\/div>\n\t\t\t\t<\/div>\n\t\t\t\t<\/div>\n\t\t\t\t\t<\/div>\n\t\t\t\t<\/div>\n\t\t<div class=\"elementor-element elementor-element-1ee9d3c e-flex e-con-boxed e-con e-parent\" data-id=\"1ee9d3c\" data-element_type=\"container\" data-settings=\"{&quot;_ha_eqh_enable&quot;:false}\">\n\t\t\t\t\t<div class=\"e-con-inner\">\n\t\t<div class=\"elementor-element elementor-element-143b3ae e-con-full e-flex e-con e-child\" data-id=\"143b3ae\" data-element_type=\"container\" data-settings=\"{&quot;_ha_eqh_enable&quot;:false}\">\n\t\t\t\t<div class=\"elementor-element elementor-element-45ae101 elementor-widget elementor-widget-image\" data-id=\"45ae101\" data-element_type=\"widget\" data-widget_type=\"image.default\">\n\t\t\t\t<div class=\"elementor-widget-container\">\n\t\t\t\t\t\t\t\t\t\t\t\t\t\t\t<img loading=\"lazy\" decoding=\"async\" width=\"800\" height=\"532\" src=\"https:\/\/www.residence-universitaire-lanteri.com\/wp-content\/uploads\/2024\/08\/image-RUL_gallerie-30-1024x681.jpg\" class=\"attachment-large size-large wp-image-2482\" alt=\"\" srcset=\"https:\/\/www.residence-universitaire-lanteri.com\/wp-content\/uploads\/2024\/08\/image-RUL_gallerie-30-1024x681.jpg 1024w, https:\/\/www.residence-universitaire-lanteri.com\/wp-content\/uploads\/2024\/08\/image-RUL_gallerie-30-300x200.jpg 300w, https:\/\/www.residence-universitaire-lanteri.com\/wp-content\/uploads\/2024\/08\/image-RUL_gallerie-30-768x511.jpg 768w, https:\/\/www.residence-universitaire-lanteri.com\/wp-content\/uploads\/2024\/08\/image-RUL_gallerie-30-1536x1022.jpg 1536w, https:\/\/www.residence-universitaire-lanteri.com\/wp-content\/uploads\/2024\/08\/image-RUL_gallerie-30.jpg 1936w\" sizes=\"(max-width: 800px) 100vw, 800px\" \/>\t\t\t\t\t\t\t\t\t\t\t\t\t\t\t<\/div>\n\t\t\t\t<\/div>\n\t\t\t\t<\/div>\n\t\t<div class=\"elementor-element elementor-element-9f117d0 e-con-full e-flex e-con e-child\" data-id=\"9f117d0\" data-element_type=\"container\" data-settings=\"{&quot;_ha_eqh_enable&quot;:false}\">\n\t\t\t\t<div class=\"elementor-element elementor-element-587fd2a elementor-widget elementor-widget-heading\" data-id=\"587fd2a\" data-element_type=\"widget\" data-widget_type=\"heading.default\">\n\t\t\t\t<div class=\"elementor-widget-container\">\n\t\t\t\t\t<h2 class=\"elementor-heading-title elementor-size-default\">Habitaciones dobles<\/h2>\t\t\t\t<\/div>\n\t\t\t\t<\/div>\n\t\t\t\t<div class=\"elementor-element elementor-element-6a84db6 elementor-widget elementor-widget-text-editor\" data-id=\"6a84db6\" data-element_type=\"widget\" data-widget_type=\"text-editor.default\">\n\t\t\t\t<div class=\"elementor-widget-container\">\n\t\t\t\t\t\t\t\t\t<p>Las habitaciones de estudiantes de la Residencia Universitaria Lanteri son de una calidad excepcional, ya que han sido reformadas recientemente con mobiliario adaptado a las necesidades de una clientela exigente.<\/p>\n<p>Las habitaciones dobles de la Residencia Universitaria Lanteri han sido dise\u00f1adas para hacer de la convivencia una experiencia agradable, optimizando el uso del espacio (16 m\u00b2) y emparejando a las personas de forma que se respeten los h\u00e1bitos, los intereses comunes y el lugar de estudio de cada uno.<\/p>\n<p>Algunos estudiantes eligen alojarse en una habitaci\u00f3n doble, mientras que otros se encuentran a la espera de una habitaci\u00f3n individual.<\/p>\n<p>Un \u00edndice del 95% de alumnos en habitaciones dobles demuestra que est\u00e1n muy satisfechos y que pueden adaptarse r\u00e1pidamente. La direcci\u00f3n de la R.U.L. se asegura peri\u00f3dicamente de que este experimento siga siendo un \u00e9xito. <\/p>\n<p>Siempre ocurre lo mismo: las ideas preconcebidas se acaban r\u00e1pidamente. Algunos estudiantes optan por alojarse en una habitaci\u00f3n doble durante un segundo a\u00f1o. A cada cual lo suyo.  <\/p>\n\t\t\t\t\t\t\t\t<\/div>\n\t\t\t\t<\/div>\n\t\t\t\t<\/div>\n\t\t\t\t\t<\/div>\n\t\t\t\t<\/div>\n\t\t\t\t<\/div>\n\t\t\n<\/div>\n\t\t\t\t\t\t\t\t\t<div class=\"elementor-tab-title elementor-tab-mobile-title\" aria-selected=\"false\" data-tab=\"5\" role=\"tab\" tabindex=\"-1\" aria-controls=\"elementor-tab-content-9245\" aria-expanded=\"false\">Polideportivo<\/div>\n\t\t\t\t\t<div id=\"elementor-tab-content-9245\" class=\"elementor-tab-content elementor-clearfix\" data-tab=\"5\" role=\"tabpanel\" aria-labelledby=\"elementor-tab-title-9245\" tabindex=\"0\" hidden=\"hidden\"><p><img loading=\"lazy\" decoding=\"async\" class=\"wp-image-2509 alignleft\" src=\"https:\/\/www.residence-universitaire-lanteri.com\/wp-content\/uploads\/2024\/08\/image-RUL_gallerie-22-300x200.jpg\" alt=\"\" width=\"400\" height=\"240\"><\/p>\n<\/div>\n\t\t\t\t\t\t\t<\/div>\n\t\t<\/div>\n\t\t\t\t\t\t<\/div>\n\t\t\t\t<\/div>\n\t\t\t\t\t<\/div>\n\t\t\t\t<\/div>\n\t\t\t\t<\/div>\n\t\t","protected":false},"excerpt":{"rendered":"<p>Galer\u00eda de fotos de la Residencia Universitaria L&#8217;H\u00f4tellerie R\u00e9sidence Lanteri Todos Inicio Tienda de recuerdos Habitaciones Polideportivo Todos Inicio Tienda de recuerdos Habitaciones Chambres simples Les chambres\u00a0d\u2019\u00e9tudiants de la R\u00e9sidence Universitaire Lanteri sont d\u2019une qualit\u00e9 exceptionnelle puisque celles-ci\u00a0furent\u00a0r\u00e9nov\u00e9es r\u00e9cemment avec un ameublement adapt\u00e9\u00a0aux\u00a0besoins\u00a0d\u2019une client\u00e8le exigeante. Les chambres simples font 16m\u00b2 meubl\u00e9es, avec salle de bain [&hellip;]<\/p>\n","protected":false},"author":1,"featured_media":0,"parent":0,"menu_order":0,"comment_status":"closed","ping_status":"closed","template":"elementor_header_footer","meta":{"footnotes":""},"class_list":["post-3136","page","type-page","status-publish","hentry"],"_links":{"self":[{"href":"https:\/\/www.residence-universitaire-lanteri.com\/es\/wp-json\/wp\/v2\/pages\/3136","targetHints":{"allow":["GET"]}}],"collection":[{"href":"https:\/\/www.residence-universitaire-lanteri.com\/es\/wp-json\/wp\/v2\/pages"}],"about":[{"href":"https:\/\/www.residence-universitaire-lanteri.com\/es\/wp-json\/wp\/v2\/types\/page"}],"author":[{"embeddable":true,"href":"https:\/\/www.residence-universitaire-lanteri.com\/es\/wp-json\/wp\/v2\/users\/1"}],"replies":[{"embeddable":true,"href":"https:\/\/www.residence-universitaire-lanteri.com\/es\/wp-json\/wp\/v2\/comments?post=3136"}],"version-history":[{"count":1,"href":"https:\/\/www.residence-universitaire-lanteri.com\/es\/wp-json\/wp\/v2\/pages\/3136\/revisions"}],"predecessor-version":[{"id":3145,"href":"https:\/\/www.residence-universitaire-lanteri.com\/es\/wp-json\/wp\/v2\/pages\/3136\/revisions\/3145"}],"wp:attachment":[{"href":"https:\/\/www.residence-universitaire-lanteri.com\/es\/wp-json\/wp\/v2\/media?parent=3136"}],"curies":[{"name":"wp","href":"https:\/\/api.w.org\/{rel}","templated":true}]}}