{"id":2851,"date":"2024-07-31T11:28:31","date_gmt":"2024-07-31T09:28:31","guid":{"rendered":"https:\/\/www.residence-universitaire-lanteri.com\/el-corredor-verde\/"},"modified":"2024-11-28T15:32:16","modified_gmt":"2024-11-28T14:32:16","slug":"el-corredor-verde","status":"publish","type":"page","link":"https:\/\/www.residence-universitaire-lanteri.com\/es\/el-corredor-verde\/","title":{"rendered":"El corredor verde"},"content":{"rendered":"\t\t<div data-elementor-type=\"wp-page\" data-elementor-id=\"2851\" class=\"elementor elementor-2851 elementor-1109\" data-elementor-settings=\"{&quot;ha_cmc_init_switcher&quot;:&quot;no&quot;}\" data-elementor-post-type=\"page\">\n\t\t\t\t<div class=\"elementor-element elementor-element-8a2251c e-flex e-con-boxed e-con e-parent\" data-id=\"8a2251c\" data-element_type=\"container\" data-settings=\"{&quot;background_background&quot;:&quot;classic&quot;,&quot;_ha_eqh_enable&quot;:false}\">\n\t\t\t\t\t<div class=\"e-con-inner\">\n\t\t\t\t<div class=\"elementor-element elementor-element-a63532b elementor-widget elementor-widget-spacer\" data-id=\"a63532b\" data-element_type=\"widget\" data-widget_type=\"spacer.default\">\n\t\t\t\t<div class=\"elementor-widget-container\">\n\t\t\t\t\t\t\t<div class=\"elementor-spacer\">\n\t\t\t<div class=\"elementor-spacer-inner\"><\/div>\n\t\t<\/div>\n\t\t\t\t\t\t<\/div>\n\t\t\t\t<\/div>\n\t\t\t\t<div class=\"elementor-element elementor-element-a672b71 elementor-widget-divider--view-line_text elementor-widget-divider--element-align-center elementor-widget elementor-widget-divider\" data-id=\"a672b71\" data-element_type=\"widget\" data-widget_type=\"divider.default\">\n\t\t\t\t<div class=\"elementor-widget-container\">\n\t\t\t\t\t\t\t<div class=\"elementor-divider\">\n\t\t\t<span class=\"elementor-divider-separator\">\n\t\t\t\t\t\t\t<span class=\"elementor-divider__text elementor-divider__element\">\n\t\t\t\tEl corredor verde\t\t\t\t<\/span>\n\t\t\t\t\t\t<\/span>\n\t\t<\/div>\n\t\t\t\t\t\t<\/div>\n\t\t\t\t<\/div>\n\t\t\t\t<div class=\"elementor-element elementor-element-73b46ce elementor-widget elementor-widget-heading\" data-id=\"73b46ce\" data-element_type=\"widget\" data-widget_type=\"heading.default\">\n\t\t\t\t<div class=\"elementor-widget-container\">\n\t\t\t\t\t<h2 class=\"elementor-heading-title elementor-size-default\">Un lugar para todos los deportes<\/h2>\t\t\t\t<\/div>\n\t\t\t\t<\/div>\n\t\t\t\t<div class=\"elementor-element elementor-element-8c9214b elementor-widget elementor-widget-spacer\" data-id=\"8c9214b\" data-element_type=\"widget\" data-widget_type=\"spacer.default\">\n\t\t\t\t<div class=\"elementor-widget-container\">\n\t\t\t\t\t\t\t<div class=\"elementor-spacer\">\n\t\t\t<div class=\"elementor-spacer-inner\"><\/div>\n\t\t<\/div>\n\t\t\t\t\t\t<\/div>\n\t\t\t\t<\/div>\n\t\t\t\t\t<\/div>\n\t\t\t\t<\/div>\n\t\t<div class=\"elementor-element elementor-element-5924af8 e-flex e-con-boxed e-con e-parent\" data-id=\"5924af8\" data-element_type=\"container\" data-settings=\"{&quot;_ha_eqh_enable&quot;:false}\">\n\t\t\t\t\t<div class=\"e-con-inner\">\n\t\t<div class=\"elementor-element elementor-element-262f867 e-con-full e-flex e-con e-child\" data-id=\"262f867\" data-element_type=\"container\" data-settings=\"{&quot;_ha_eqh_enable&quot;:false}\">\n\t\t\t\t<div class=\"elementor-element elementor-element-08e4b99 elementor-widget elementor-widget-text-editor\" data-id=\"08e4b99\" data-element_type=\"widget\" data-widget_type=\"text-editor.default\">\n\t\t\t\t<div class=\"elementor-widget-container\">\n\t\t\t\t\t\t\t\t\t<p class=\"vc_custom_heading\">La R.U.L. est\u00e1 situada al borde de la Coul\u00e9e Verte. La Coul\u00e9e Verte du Sud Parisien, de 12 km, atraviesa 9 municipios (Malakoff, Ch\u00e2tillon, Bagneux, Fontenay-aux-Roses, Sceaux, Ch\u00e2tenay-Malabry, Antony, Verri\u00e8res-le-Buisson y Massy) y dos departamentos (Hauts-de-Seine y Essonne). <\/p>\n<p class=\"vc_custom_heading\">Es un lugar popular para pasear, correr, montar en bicicleta, hacer senderismo y practicar diversos deportes al aire libre, como tenis, tiro con arco, rugby y f\u00fatbol.<\/p>\n\t\t\t\t\t\t\t\t<\/div>\n\t\t\t\t<\/div>\n\t\t\t\t<\/div>\n\t\t<div class=\"elementor-element elementor-element-7690421 e-con-full e-flex e-con e-child\" data-id=\"7690421\" data-element_type=\"container\" data-settings=\"{&quot;_ha_eqh_enable&quot;:false}\">\n\t\t\t\t<div class=\"elementor-element elementor-element-391ea88 elementor-widget elementor-widget-image\" data-id=\"391ea88\" data-element_type=\"widget\" data-widget_type=\"image.default\">\n\t\t\t\t<div class=\"elementor-widget-container\">\n\t\t\t\t\t\t\t\t\t\t\t\t\t\t\t<img fetchpriority=\"high\" decoding=\"async\" width=\"800\" height=\"600\" src=\"https:\/\/www.residence-universitaire-lanteri.com\/wp-content\/uploads\/2024\/07\/RU-Images-01.jpg\" class=\"attachment-large size-large wp-image-481\" alt=\"\" srcset=\"https:\/\/www.residence-universitaire-lanteri.com\/wp-content\/uploads\/2024\/07\/RU-Images-01.jpg 1000w, https:\/\/www.residence-universitaire-lanteri.com\/wp-content\/uploads\/2024\/07\/RU-Images-01-300x225.jpg 300w, https:\/\/www.residence-universitaire-lanteri.com\/wp-content\/uploads\/2024\/07\/RU-Images-01-768x576.jpg 768w\" sizes=\"(max-width: 800px) 100vw, 800px\" \/>\t\t\t\t\t\t\t\t\t\t\t\t\t\t\t<\/div>\n\t\t\t\t<\/div>\n\t\t\t\t<\/div>\n\t\t\t\t\t<\/div>\n\t\t\t\t<\/div>\n\t\t\t\t<\/div>\n\t\t","protected":false},"excerpt":{"rendered":"<p>El corredor verde Un lugar para todos los deportes La R.U.L. est\u00e1 situada al borde de la Coul\u00e9e Verte. La Coul\u00e9e Verte du Sud Parisien, de 12 km, atraviesa 9 municipios (Malakoff, Ch\u00e2tillon, Bagneux, Fontenay-aux-Roses, Sceaux, Ch\u00e2tenay-Malabry, Antony, Verri\u00e8res-le-Buisson y Massy) y dos departamentos (Hauts-de-Seine y Essonne). Es un lugar popular para pasear, correr, montar [&hellip;]<\/p>\n","protected":false},"author":1,"featured_media":0,"parent":0,"menu_order":0,"comment_status":"closed","ping_status":"closed","template":"elementor_header_footer","meta":{"footnotes":""},"class_list":["post-2851","page","type-page","status-publish","hentry"],"_links":{"self":[{"href":"https:\/\/www.residence-universitaire-lanteri.com\/es\/wp-json\/wp\/v2\/pages\/2851","targetHints":{"allow":["GET"]}}],"collection":[{"href":"https:\/\/www.residence-universitaire-lanteri.com\/es\/wp-json\/wp\/v2\/pages"}],"about":[{"href":"https:\/\/www.residence-universitaire-lanteri.com\/es\/wp-json\/wp\/v2\/types\/page"}],"author":[{"embeddable":true,"href":"https:\/\/www.residence-universitaire-lanteri.com\/es\/wp-json\/wp\/v2\/users\/1"}],"replies":[{"embeddable":true,"href":"https:\/\/www.residence-universitaire-lanteri.com\/es\/wp-json\/wp\/v2\/comments?post=2851"}],"version-history":[{"count":1,"href":"https:\/\/www.residence-universitaire-lanteri.com\/es\/wp-json\/wp\/v2\/pages\/2851\/revisions"}],"predecessor-version":[{"id":2853,"href":"https:\/\/www.residence-universitaire-lanteri.com\/es\/wp-json\/wp\/v2\/pages\/2851\/revisions\/2853"}],"wp:attachment":[{"href":"https:\/\/www.residence-universitaire-lanteri.com\/es\/wp-json\/wp\/v2\/media?parent=2851"}],"curies":[{"name":"wp","href":"https:\/\/api.w.org\/{rel}","templated":true}]}}