{"id":1751,"date":"2024-07-31T11:35:33","date_gmt":"2024-07-31T09:35:33","guid":{"rendered":"https:\/\/www.residence-universitaire-lanteri.com\/vacation-rooms\/"},"modified":"2024-08-02T10:21:36","modified_gmt":"2024-08-02T08:21:36","slug":"vacation-rooms","status":"publish","type":"page","link":"https:\/\/www.residence-universitaire-lanteri.com\/en\/vacation-rooms\/","title":{"rendered":"Vacation rooms"},"content":{"rendered":"\t\t<div data-elementor-type=\"wp-page\" data-elementor-id=\"1751\" class=\"elementor elementor-1751 elementor-1132\" data-elementor-settings=\"{&quot;ha_cmc_init_switcher&quot;:&quot;no&quot;}\" data-elementor-post-type=\"page\">\n\t\t\t\t<div class=\"elementor-element elementor-element-bdbb910 e-flex e-con-boxed e-con e-parent\" data-id=\"bdbb910\" data-element_type=\"container\" data-settings=\"{&quot;background_background&quot;:&quot;classic&quot;,&quot;_ha_eqh_enable&quot;:false}\">\n\t\t\t\t\t<div class=\"e-con-inner\">\n\t\t\t\t<div class=\"elementor-element elementor-element-fec6993 elementor-widget elementor-widget-spacer\" data-id=\"fec6993\" data-element_type=\"widget\" data-widget_type=\"spacer.default\">\n\t\t\t\t<div class=\"elementor-widget-container\">\n\t\t\t\t\t\t\t<div class=\"elementor-spacer\">\n\t\t\t<div class=\"elementor-spacer-inner\"><\/div>\n\t\t<\/div>\n\t\t\t\t\t\t<\/div>\n\t\t\t\t<\/div>\n\t\t\t\t<div class=\"elementor-element elementor-element-80435d8 elementor-widget-divider--view-line_text elementor-widget-divider--element-align-center elementor-widget elementor-widget-divider\" data-id=\"80435d8\" data-element_type=\"widget\" data-widget_type=\"divider.default\">\n\t\t\t\t<div class=\"elementor-widget-container\">\n\t\t\t\t\t\t\t<div class=\"elementor-divider\">\n\t\t\t<span class=\"elementor-divider-separator\">\n\t\t\t\t\t\t\t<span class=\"elementor-divider__text elementor-divider__element\">\n\t\t\t\tVacation rooms\t\t\t\t<\/span>\n\t\t\t\t\t\t<\/span>\n\t\t<\/div>\n\t\t\t\t\t\t<\/div>\n\t\t\t\t<\/div>\n\t\t\t\t<div class=\"elementor-element elementor-element-d64d93c elementor-widget elementor-widget-heading\" data-id=\"d64d93c\" data-element_type=\"widget\" data-widget_type=\"heading.default\">\n\t\t\t\t<div class=\"elementor-widget-container\">\n\t\t\t\t\t<h2 class=\"elementor-heading-title elementor-size-default\">Near the A86 freeway.<\/h2>\t\t\t\t<\/div>\n\t\t\t\t<\/div>\n\t\t\t\t<div class=\"elementor-element elementor-element-bd20c38 elementor-widget elementor-widget-spacer\" data-id=\"bd20c38\" data-element_type=\"widget\" data-widget_type=\"spacer.default\">\n\t\t\t\t<div class=\"elementor-widget-container\">\n\t\t\t\t\t\t\t<div class=\"elementor-spacer\">\n\t\t\t<div class=\"elementor-spacer-inner\"><\/div>\n\t\t<\/div>\n\t\t\t\t\t\t<\/div>\n\t\t\t\t<\/div>\n\t\t\t\t\t<\/div>\n\t\t\t\t<\/div>\n\t\t<div class=\"elementor-element elementor-element-5924af8 e-flex e-con-boxed e-con e-parent\" data-id=\"5924af8\" data-element_type=\"container\" data-settings=\"{&quot;_ha_eqh_enable&quot;:false}\">\n\t\t\t\t\t<div class=\"e-con-inner\">\n\t\t<div class=\"elementor-element elementor-element-262f867 e-con-full e-flex e-con e-child\" data-id=\"262f867\" data-element_type=\"container\" data-settings=\"{&quot;_ha_eqh_enable&quot;:false}\">\n\t\t\t\t<div class=\"elementor-element elementor-element-08e4b99 elementor-widget elementor-widget-text-editor\" data-id=\"08e4b99\" data-element_type=\"widget\" data-widget_type=\"text-editor.default\">\n\t\t\t\t<div class=\"elementor-widget-container\">\n\t\t\t\t\t\t\t\t\t<p>Planning a vacation in the Paris region?  <br \/>Looking for a place to stay near Paris?  <br \/>The R\u00e9sidence Lanteri can meet all your needs.<\/p>\n\t\t\t\t\t\t\t\t<\/div>\n\t\t\t\t<\/div>\n\t\t\t\t<\/div>\n\t\t\t\t\t<\/div>\n\t\t\t\t<\/div>\n\t\t<div class=\"elementor-element elementor-element-5546c24 e-flex e-con-boxed e-con e-parent\" data-id=\"5546c24\" data-element_type=\"container\" data-settings=\"{&quot;_ha_eqh_enable&quot;:false}\">\n\t\t\t\t\t<div class=\"e-con-inner\">\n\t\t<div class=\"elementor-element elementor-element-b3d909b e-con-full e-flex e-con e-child\" data-id=\"b3d909b\" data-element_type=\"container\" data-settings=\"{&quot;_ha_eqh_enable&quot;:false}\">\n\t\t\t\t<div class=\"elementor-element elementor-element-ff1d183 elementor-widget elementor-widget-heading\" data-id=\"ff1d183\" data-element_type=\"widget\" data-widget_type=\"heading.default\">\n\t\t\t\t<div class=\"elementor-widget-container\">\n\t\t\t\t\t<h2 class=\"elementor-heading-title elementor-size-default\">R\u00e9sidence Lanteri: a vacation stopover in the Paris region<\/h2>\t\t\t\t<\/div>\n\t\t\t\t<\/div>\n\t\t\t\t<div class=\"elementor-element elementor-element-f63ff17 elementor-widget-divider--view-line elementor-widget elementor-widget-divider\" data-id=\"f63ff17\" data-element_type=\"widget\" data-widget_type=\"divider.default\">\n\t\t\t\t<div class=\"elementor-widget-container\">\n\t\t\t\t\t\t\t<div class=\"elementor-divider\">\n\t\t\t<span class=\"elementor-divider-separator\">\n\t\t\t\t\t\t<\/span>\n\t\t<\/div>\n\t\t\t\t\t\t<\/div>\n\t\t\t\t<\/div>\n\t\t\t\t<div class=\"elementor-element elementor-element-af108f4 elementor-widget elementor-widget-text-editor\" data-id=\"af108f4\" data-element_type=\"widget\" data-widget_type=\"text-editor.default\">\n\t\t\t\t<div class=\"elementor-widget-container\">\n\t\t\t\t\t\t\t\t\t<p>R\u00e9sidence Lanteri, ideally located opposite the Fontenay-aux-Roses RER B station near Paris, is an ideal vacation stopover for visitors to the Paris region. During the vacation months (July-August), R\u00e9sidence Lanteri offers over 100 rooms with full bathroom, telephone and unlimited internet access (cable and Wifi).<\/p>\n\t\t\t\t\t\t\t\t<\/div>\n\t\t\t\t<\/div>\n\t\t\t\t<\/div>\n\t\t<div class=\"elementor-element elementor-element-509a861 e-con-full e-flex e-con e-child\" data-id=\"509a861\" data-element_type=\"container\" data-settings=\"{&quot;_ha_eqh_enable&quot;:false}\">\n\t\t\t\t<div class=\"elementor-element elementor-element-0399b3f elementor-widget elementor-widget-image\" data-id=\"0399b3f\" data-element_type=\"widget\" data-widget_type=\"image.default\">\n\t\t\t\t<div class=\"elementor-widget-container\">\n\t\t\t\t\t\t\t\t\t\t\t\t\t\t\t<img fetchpriority=\"high\" decoding=\"async\" width=\"800\" height=\"534\" src=\"https:\/\/www.residence-universitaire-lanteri.com\/wp-content\/uploads\/2024\/07\/tour-Eiffel.jpg\" class=\"attachment-large size-large wp-image-1135\" alt=\"\" srcset=\"https:\/\/www.residence-universitaire-lanteri.com\/wp-content\/uploads\/2024\/07\/tour-Eiffel.jpg 1000w, https:\/\/www.residence-universitaire-lanteri.com\/wp-content\/uploads\/2024\/07\/tour-Eiffel-300x200.jpg 300w, https:\/\/www.residence-universitaire-lanteri.com\/wp-content\/uploads\/2024\/07\/tour-Eiffel-768x512.jpg 768w\" sizes=\"(max-width: 800px) 100vw, 800px\" \/>\t\t\t\t\t\t\t\t\t\t\t\t\t\t\t<\/div>\n\t\t\t\t<\/div>\n\t\t\t\t<\/div>\n\t\t\t\t\t<\/div>\n\t\t\t\t<\/div>\n\t\t<div class=\"elementor-element elementor-element-d4807ea e-flex e-con-boxed e-con e-parent\" data-id=\"d4807ea\" data-element_type=\"container\" data-settings=\"{&quot;_ha_eqh_enable&quot;:false}\">\n\t\t\t\t\t<div class=\"e-con-inner\">\n\t\t<div class=\"elementor-element elementor-element-f95e2cb e-con-full e-flex e-con e-child\" data-id=\"f95e2cb\" data-element_type=\"container\" data-settings=\"{&quot;_ha_eqh_enable&quot;:false}\">\n\t\t\t\t<div class=\"elementor-element elementor-element-f3e9bff elementor-widget elementor-widget-image\" data-id=\"f3e9bff\" data-element_type=\"widget\" data-widget_type=\"image.default\">\n\t\t\t\t<div class=\"elementor-widget-container\">\n\t\t\t\t\t\t\t\t\t\t\t\t\t\t\t<img decoding=\"async\" width=\"800\" height=\"532\" src=\"https:\/\/www.residence-universitaire-lanteri.com\/wp-content\/uploads\/2024\/07\/image-RUL_2-1024x681.jpg\" class=\"attachment-large size-large wp-image-816\" alt=\"\" srcset=\"https:\/\/www.residence-universitaire-lanteri.com\/wp-content\/uploads\/2024\/07\/image-RUL_2-1024x681.jpg 1024w, https:\/\/www.residence-universitaire-lanteri.com\/wp-content\/uploads\/2024\/07\/image-RUL_2-300x200.jpg 300w, https:\/\/www.residence-universitaire-lanteri.com\/wp-content\/uploads\/2024\/07\/image-RUL_2-768x511.jpg 768w, https:\/\/www.residence-universitaire-lanteri.com\/wp-content\/uploads\/2024\/07\/image-RUL_2.jpg 1100w\" sizes=\"(max-width: 800px) 100vw, 800px\" \/>\t\t\t\t\t\t\t\t\t\t\t\t\t\t\t<\/div>\n\t\t\t\t<\/div>\n\t\t\t\t<\/div>\n\t\t<div class=\"elementor-element elementor-element-ca6d59e e-con-full e-flex e-con e-child\" data-id=\"ca6d59e\" data-element_type=\"container\" data-settings=\"{&quot;_ha_eqh_enable&quot;:false}\">\n\t\t\t\t<div class=\"elementor-element elementor-element-72bd8a1 elementor-widget elementor-widget-heading\" data-id=\"72bd8a1\" data-element_type=\"widget\" data-widget_type=\"heading.default\">\n\t\t\t\t<div class=\"elementor-widget-container\">\n\t\t\t\t\t<h2 class=\"elementor-heading-title elementor-size-default\">Vacation rooms near the A 86 freeway at R\u00e9sidence Lanteri<\/h2>\t\t\t\t<\/div>\n\t\t\t\t<\/div>\n\t\t\t\t<div class=\"elementor-element elementor-element-ef41519 elementor-widget-divider--view-line elementor-widget elementor-widget-divider\" data-id=\"ef41519\" data-element_type=\"widget\" data-widget_type=\"divider.default\">\n\t\t\t\t<div class=\"elementor-widget-container\">\n\t\t\t\t\t\t\t<div class=\"elementor-divider\">\n\t\t\t<span class=\"elementor-divider-separator\">\n\t\t\t\t\t\t<\/span>\n\t\t<\/div>\n\t\t\t\t\t\t<\/div>\n\t\t\t\t<\/div>\n\t\t<div class=\"elementor-element elementor-element-3864b56 e-con-full e-flex e-con e-child\" data-id=\"3864b56\" data-element_type=\"container\" data-settings=\"{&quot;_ha_eqh_enable&quot;:false}\">\n\t\t\t\t<div class=\"elementor-element elementor-element-f2bff54 elementor-widget elementor-widget-text-editor\" data-id=\"f2bff54\" data-element_type=\"widget\" data-widget_type=\"text-editor.default\">\n\t\t\t\t<div class=\"elementor-widget-container\">\n\t\t\t\t\t\t\t\t\t<p>Are you on a vacation trip and want to relax in a room close to the A86 freeway? The R\u00e9sidence Lanteri, located just off the A86 freeway, will be able to meet all your requirements. R\u00e9sidence Lanteri is about 8 minutes from exit 27 Paris-Porte d&#8217;Orl\u00e9ans, Antony, Sceaux, Bourg-la-Reine on the A86 motorway. See the R\u00e9sidence Lanteri map for yourself. You&#8217;ll find that R\u00e9sidence Lanteri is right opposite the Fontenay-aux-Roses RER B station, with a direct line to the heart of Paris just 20 minutes away.<\/p>\n\t\t\t\t\t\t\t\t<\/div>\n\t\t\t\t<\/div>\n\t\t\t\t<\/div>\n\t\t\t\t<\/div>\n\t\t\t\t\t<\/div>\n\t\t\t\t<\/div>\n\t\t\t\t<\/div>\n\t\t","protected":false},"excerpt":{"rendered":"<p>Vacation rooms Near the A86 freeway. Planning a vacation in the Paris region? Looking for a place to stay near Paris? The R\u00e9sidence Lanteri can meet all your needs. R\u00e9sidence Lanteri: a vacation stopover in the Paris region R\u00e9sidence Lanteri, ideally located opposite the Fontenay-aux-Roses RER B station near Paris, is an ideal vacation stopover [&hellip;]<\/p>\n","protected":false},"author":1,"featured_media":0,"parent":0,"menu_order":0,"comment_status":"closed","ping_status":"closed","template":"elementor_header_footer","meta":{"footnotes":""},"class_list":["post-1751","page","type-page","status-publish","hentry"],"_links":{"self":[{"href":"https:\/\/www.residence-universitaire-lanteri.com\/en\/wp-json\/wp\/v2\/pages\/1751","targetHints":{"allow":["GET"]}}],"collection":[{"href":"https:\/\/www.residence-universitaire-lanteri.com\/en\/wp-json\/wp\/v2\/pages"}],"about":[{"href":"https:\/\/www.residence-universitaire-lanteri.com\/en\/wp-json\/wp\/v2\/types\/page"}],"author":[{"embeddable":true,"href":"https:\/\/www.residence-universitaire-lanteri.com\/en\/wp-json\/wp\/v2\/users\/1"}],"replies":[{"embeddable":true,"href":"https:\/\/www.residence-universitaire-lanteri.com\/en\/wp-json\/wp\/v2\/comments?post=1751"}],"version-history":[{"count":9,"href":"https:\/\/www.residence-universitaire-lanteri.com\/en\/wp-json\/wp\/v2\/pages\/1751\/revisions"}],"predecessor-version":[{"id":1846,"href":"https:\/\/www.residence-universitaire-lanteri.com\/en\/wp-json\/wp\/v2\/pages\/1751\/revisions\/1846"}],"wp:attachment":[{"href":"https:\/\/www.residence-universitaire-lanteri.com\/en\/wp-json\/wp\/v2\/media?parent=1751"}],"curies":[{"name":"wp","href":"https:\/\/api.w.org\/{rel}","templated":true}]}}